{"id":200,"date":"2020-07-22T02:39:41","date_gmt":"2020-07-22T02:39:41","guid":{"rendered":"https:\/\/fvaestudio.com\/?page_id=200"},"modified":"2020-09-10T01:59:29","modified_gmt":"2020-09-10T01:59:29","slug":"unidades-de-compostaje-re-conquista","status":"publish","type":"page","link":"https:\/\/fvaestudio.com\/?page_id=200","title":{"rendered":"Unidades de Compostaje RE.Conquista"},"content":{"rendered":"\n<style id=\"wp_carousel_dynamic_css201\">#sp-wp-carousel-free-id-201 .wpcp-swiper-dots {margin: 40px 0px 0px 0px;}.wpcp-wrapper-201 .swiper-wrapper .swiper-slide-kenburn, .wpcp-wrapper-201 .swiper-wrapper, .wpcp-wrapper-201 .wpcpro-row{align-items: center;}#sp-wp-carousel-free-id-201 .wpcp-single-item {box-shadow: 0px 0px 0px 0px #dddddd;transition: all .3s;margin: 0px;}#sp-wp-carousel-free-id-201.swiper-flip .wpcp-single-item{margin: 0!important;}#sp-wp-carousel-free-id-201 .wpcp-single-item:hover {box-shadow: 0px 0px 0px 0px #dddddd;}#sp-wp-carousel-free-id-201.sp-wpcp-201 .wpcp-single-item {border: 1px solid #dddddd;}#sp-wp-carousel-free-id-201.sp-wpcp-201 .swiper-button-prev,#sp-wp-carousel-free-id-201.sp-wpcp-201 .swiper-button-next,#sp-wp-carousel-free-id-201.sp-wpcp-201 .swiper-button-prev:hover,#sp-wp-carousel-free-id-201.sp-wpcp-201 .swiper-button-next:hover {background: none;border: none;font-size: 30px;}#sp-wp-carousel-free-id-201.sp-wpcp-201 .swiper-button-prev i,#sp-wp-carousel-free-id-201.sp-wpcp-201 .swiper-button-next i {color: #aaa;}#sp-wp-carousel-free-id-201.sp-wpcp-201 .swiper-button-prev i:hover,#sp-wp-carousel-free-id-201.sp-wpcp-201 .swiper-button-next i:hover {color: #52b3d9;}#sp-wp-carousel-free-id-201.sp-wpcp-201 .wpcp-swiper-dots .swiper-pagination-bullet {background-color: #cccccc;}#sp-wp-carousel-free-id-201.sp-wpcp-201 .wpcp-swiper-dots .swiper-pagination-bullet.swiper-pagination-bullet-active {background-color: #52b3d9;} #sp-wp-carousel-free-id-201.sp-wpcp-201.wpcp-image-carousel .wpcp-single-item:hover img, #sp-wp-carousel-free-id-201.sp-wpcp-201.wpcp-post-carousel .wpcp-single-item:hover img, #sp-wp-carousel-free-id-201.sp-wpcp-201.wpcp-product-carousel .wpcp-single-item:hover img{-webkit-transform: scale(1.2);-moz-transform: scale(1.2);transform: scale(1.2);}#sp-wp-carousel-free-id-201 .wpcpro-row>[class*=\"wpcpro-col-\"] { padding: 0 10px; padding-bottom: 20px;} #sp-wp-carousel-free-id-201 .swiper-slide .single-item-fade:not(:last-child) { margin-right: 20px;}@media (min-width: 480px) { .wpcpro-row .wpcpro-col-sm-1 { flex: 0 0 100%; max-width: 100%; } .wpcpro-row .wpcpro-col-sm-2 { flex: 0 0 50%; max-width: 50%; } .wpcpro-row .wpcpro-col-sm-2-5 { flex: 0 0 75%; max-width: 75%; } .wpcpro-row .wpcpro-col-sm-3 { flex: 0 0 33.333%; max-width: 33.333%; } .wpcpro-row .wpcpro-col-sm-4 { flex: 0 0 25%; max-width: 25%; } .wpcpro-row .wpcpro-col-sm-5 { flex: 0 0 20%; max-width: 20%; } .wpcpro-row .wpcpro-col-sm-6 { flex: 0 0 16.66666666666667%; max-width: 16.66666666666667%; } .wpcpro-row .wpcpro-col-sm-7 { flex: 0 0 14.28571428%; max-width: 14.28571428%; } .wpcpro-row .wpcpro-col-sm-8 { flex: 0 0 12.5%; max-width: 12.5%; } } @media (max-width: 480px) { .wpcpro-row .wpcpro-col-xs-1 { flex: 0 0 100%; max-width: 100%; } .wpcpro-row .wpcpro-col-xs-2 { flex: 0 0 50%; max-width: 50%; } .wpcpro-row .wpcpro-col-xs-3 { flex: 0 0 33.222%; max-width: 33.222%; } .wpcpro-row .wpcpro-col-xs-4 { flex: 0 0 25%; max-width: 25%; } .wpcpro-row .wpcpro-col-xs-5 { flex: 0 0 20%; max-width: 20%; } .wpcpro-row .wpcpro-col-xs-6 { flex: 0 0 16.6667%; max-width: 16.6667%; } .wpcpro-row .wpcpro-col-xs-7 { flex: 0 0 14.28571428%; max-width: 14.28571428%; } .wpcpro-row .wpcpro-col-xs-8 { flex: 0 0 12.5%; max-width: 12.5%; } } @media (min-width: 736px) { .wpcpro-row .wpcpro-col-md-1 { flex: 0 0 100%; max-width: 100%; } .wpcpro-row .wpcpro-col-md-2 { flex: 0 0 50%; max-width: 50%; } .wpcpro-row .wpcpro-col-md-2-5 { flex: 0 0 75%; max-width: 75%; } .wpcpro-row .wpcpro-col-md-3 { flex: 0 0 33.333%; max-width: 33.333%; } .wpcpro-row .wpcpro-col-md-4 { flex: 0 0 25%; max-width: 25%; } .wpcpro-row .wpcpro-col-md-5 { flex: 0 0 20%; max-width: 20%; } .wpcpro-row .wpcpro-col-md-6 { flex: 0 0 16.66666666666667%; max-width: 16.66666666666667%; } .wpcpro-row .wpcpro-col-md-7 { flex: 0 0 14.28571428%; max-width: 14.28571428%; } .wpcpro-row .wpcpro-col-md-8 { flex: 0 0 12.5%; max-width: 12.5%; } } @media (min-width: 980px) { .wpcpro-row .wpcpro-col-lg-1 { flex: 0 0 100%; max-width: 100%; } .wpcpro-row .wpcpro-col-lg-2 { flex: 0 0 50%; max-width: 50%; } .wpcpro-row .wpcpro-col-lg-3 { flex: 0 0 33.222%; max-width: 33.222%; } .wpcpro-row .wpcpro-col-lg-4 { flex: 0 0 25%; max-width: 25%; } .wpcpro-row .wpcpro-col-lg-5 { flex: 0 0 20%; max-width: 20%; } .wpcpro-row .wpcpro-col-lg-6 { flex: 0 0 16.6667%; max-width: 16.6667%; } .wpcpro-row .wpcpro-col-lg-7 { flex: 0 0 14.28571428%; max-width: 14.28571428%; } .wpcpro-row .wpcpro-col-lg-8 { flex: 0 0 12.5%; max-width: 12.5%; } } @media (min-width: 1200px) { .wpcpro-row .wpcpro-col-xl-1 { flex: 0 0 100%; max-width: 100%; } .wpcpro-row .wpcpro-col-xl-2 { flex: 0 0 50%; max-width: 50%; } .wpcpro-row .wpcpro-col-xl-3 { flex: 0 0 33.22222222%; max-width: 33.22222222%; } .wpcpro-row .wpcpro-col-xl-4 { flex: 0 0 25%; max-width: 25%; } .wpcpro-row .wpcpro-col-xl-5 { flex: 0 0 20%; max-width: 20%; } .wpcpro-row .wpcpro-col-xl-6 { flex: 0 0 16.66667%; max-width: 16.66667%; } .wpcpro-row .wpcpro-col-xl-7 { flex: 0 0 14.28571428%; max-width: 14.28571428%; } .wpcpro-row .wpcpro-col-xl-8 { flex: 0 0 12.5%; max-width: 12.5%; } }<\/style><div class=\"wpcp-carousel-wrapper wpcp-wrapper-201\">\n\t<div id=\"wpcp-preloader-201\" class=\"wpcp-carousel-preloader\"><img decoding=\"async\" src=\"https:\/\/fvaestudio.com\/wp-content\/plugins\/wp-carousel-free\/public\/css\/spinner.svg\" alt=\"Preloader Image\" \/><\/div>\t<div class=\"wpcp-carousel-content-wrapper\">\n\t<div id=\"sp-wp-carousel-free-id-201\" class=\"wpcp-carousel-section sp-wpcp-201  nav-vertical-center wpcp-image-carousel wpcp-preloader wpcp-standard\" data-swiper='{ &quot;accessibility&quot;:true, &quot;spaceBetween&quot;:20, &quot;arrows&quot;:false, &quot;freeMode&quot;: false, &quot;autoplay&quot;:true, &quot;effect&quot;: &quot;slide&quot;, &quot;centerMode&quot;: false, &quot;autoplaySpeed&quot;:3000, &quot;dots&quot;:true, &quot;infinite&quot;:true, &quot;speed&quot;:600, &quot;pauseOnHover&quot;:true,\n\t\t\t&quot;slidesToShow&quot;:{&quot;lg_desktop&quot;:1, &quot;desktop&quot;: 1, &quot;laptop&quot;: 1, &quot;tablet&quot;: 1, &quot;mobile&quot;: 1}, &quot;responsive&quot;:{&quot;desktop&quot;:1200, &quot;laptop&quot;: 980, &quot;tablet&quot;: 736, &quot;mobile&quot;: 480}, &quot;rtl&quot;:false, &quot;lazyLoad&quot;: &quot;false&quot;, &quot;swipe&quot;: true, &quot;draggable&quot;: true, &quot;swipeToSlide&quot;:true }' dir=\"ltr\">\n\t\t<div class=\"swiper-wrapper\">\n\t\t<div class=\"swiper-slide\">\n\t<div class=\"wpcp-single-item\">\n\t\t\t<a class=\"wcp-light-box\" data-buttons='[\"close\"]' data-wpc_url='https:\/\/fvaestudio.com\/wp-content\/uploads\/2020\/09\/Unidades-compostaje-002-scaled.jpg' href=\"https:\/\/fvaestudio.com\/wp-content\/uploads\/2020\/09\/Unidades-compostaje-002-scaled.jpg\" data-fancybox=\"wpcp_view\">\n\t\t<figure>\n\t\t\t<img loading=\"lazy\" decoding=\"async\" class=\"skip-lazy\" src=\"https:\/\/fvaestudio.com\/wp-content\/uploads\/2020\/09\/Unidades-compostaje-002-scaled.jpg\" alt=\"Unidades compostaje 002\" width=\"2560\" height=\"1392\">\t\t<\/figure>\n\t<\/a>\n\t\t<\/div>\n<\/div>\n\t<div class=\"swiper-slide\">\n\t<div class=\"wpcp-single-item\">\n\t\t\t<a class=\"wcp-light-box\" data-buttons='[\"close\"]' data-wpc_url='https:\/\/fvaestudio.com\/wp-content\/uploads\/2020\/09\/Unidades-compostaje-003-scaled.jpg' href=\"https:\/\/fvaestudio.com\/wp-content\/uploads\/2020\/09\/Unidades-compostaje-003-scaled.jpg\" data-fancybox=\"wpcp_view\">\n\t\t<figure>\n\t\t\t<img loading=\"lazy\" decoding=\"async\" class=\"skip-lazy\" src=\"https:\/\/fvaestudio.com\/wp-content\/uploads\/2020\/09\/Unidades-compostaje-003-scaled.jpg\" alt=\"Unidades compostaje 003\" width=\"2560\" height=\"1279\">\t\t<\/figure>\n\t<\/a>\n\t\t<\/div>\n<\/div>\n\t<div class=\"swiper-slide\">\n\t<div class=\"wpcp-single-item\">\n\t\t\t<a class=\"wcp-light-box\" data-buttons='[\"close\"]' data-wpc_url='https:\/\/fvaestudio.com\/wp-content\/uploads\/2020\/09\/Unidades-compostaje-004-scaled.jpg' href=\"https:\/\/fvaestudio.com\/wp-content\/uploads\/2020\/09\/Unidades-compostaje-004-scaled.jpg\" data-fancybox=\"wpcp_view\">\n\t\t<figure>\n\t\t\t<img loading=\"lazy\" decoding=\"async\" class=\"skip-lazy\" src=\"https:\/\/fvaestudio.com\/wp-content\/uploads\/2020\/09\/Unidades-compostaje-004-scaled.jpg\" alt=\"Unidades compostaje 004\" width=\"2560\" height=\"1283\">\t\t<\/figure>\n\t<\/a>\n\t\t<\/div>\n<\/div>\n\t<div class=\"swiper-slide\">\n\t<div class=\"wpcp-single-item\">\n\t\t\t<a class=\"wcp-light-box\" data-buttons='[\"close\"]' data-wpc_url='https:\/\/fvaestudio.com\/wp-content\/uploads\/2020\/09\/Unidades-compostaje-005-scaled.jpg' href=\"https:\/\/fvaestudio.com\/wp-content\/uploads\/2020\/09\/Unidades-compostaje-005-scaled.jpg\" data-fancybox=\"wpcp_view\">\n\t\t<figure>\n\t\t\t<img loading=\"lazy\" decoding=\"async\" class=\"skip-lazy\" src=\"https:\/\/fvaestudio.com\/wp-content\/uploads\/2020\/09\/Unidades-compostaje-005-scaled.jpg\" alt=\"Unidades compostaje 005\" width=\"2560\" height=\"1387\">\t\t<\/figure>\n\t<\/a>\n\t\t<\/div>\n<\/div>\n\t<div class=\"swiper-slide\">\n\t<div class=\"wpcp-single-item\">\n\t\t\t<a class=\"wcp-light-box\" data-buttons='[\"close\"]' data-wpc_url='https:\/\/fvaestudio.com\/wp-content\/uploads\/2020\/09\/Unidades-compostaje-001-scaled.jpg' href=\"https:\/\/fvaestudio.com\/wp-content\/uploads\/2020\/09\/Unidades-compostaje-001-scaled.jpg\" data-fancybox=\"wpcp_view\">\n\t\t<figure>\n\t\t\t<img loading=\"lazy\" decoding=\"async\" class=\"skip-lazy\" src=\"https:\/\/fvaestudio.com\/wp-content\/uploads\/2020\/09\/Unidades-compostaje-001-scaled.jpg\" alt=\"Unidades compostaje 001\" width=\"2560\" height=\"1813\">\t\t<\/figure>\n\t<\/a>\n\t\t<\/div>\n<\/div>\n\t<div class=\"swiper-slide\">\n\t<div class=\"wpcp-single-item\">\n\t\t\t<a class=\"wcp-light-box\" data-buttons='[\"close\"]' data-wpc_url='https:\/\/fvaestudio.com\/wp-content\/uploads\/2020\/09\/Unidades-compostaje-006.jpg' href=\"https:\/\/fvaestudio.com\/wp-content\/uploads\/2020\/09\/Unidades-compostaje-006.jpg\" data-fancybox=\"wpcp_view\">\n\t\t<figure>\n\t\t\t<img loading=\"lazy\" decoding=\"async\" class=\"skip-lazy\" src=\"https:\/\/fvaestudio.com\/wp-content\/uploads\/2020\/09\/Unidades-compostaje-006.jpg\" alt=\"Unidades compostaje 006\" width=\"1628\" height=\"798\">\t\t<\/figure>\n\t<\/a>\n\t\t<\/div>\n<\/div>\n\t<div class=\"swiper-slide\">\n\t<div class=\"wpcp-single-item\">\n\t\t\t<a class=\"wcp-light-box\" data-buttons='[\"close\"]' data-wpc_url='https:\/\/fvaestudio.com\/wp-content\/uploads\/2020\/09\/Unidades-compostaje-007.jpg' href=\"https:\/\/fvaestudio.com\/wp-content\/uploads\/2020\/09\/Unidades-compostaje-007.jpg\" data-fancybox=\"wpcp_view\">\n\t\t<figure>\n\t\t\t<img loading=\"lazy\" decoding=\"async\" class=\"skip-lazy\" src=\"https:\/\/fvaestudio.com\/wp-content\/uploads\/2020\/09\/Unidades-compostaje-007.jpg\" alt=\"Unidades compostaje 007\" width=\"1602\" height=\"788\">\t\t<\/figure>\n\t<\/a>\n\t\t<\/div>\n<\/div>\n\t<div class=\"swiper-slide\">\n\t<div class=\"wpcp-single-item\">\n\t\t\t<a class=\"wcp-light-box\" data-buttons='[\"close\"]' data-wpc_url='https:\/\/fvaestudio.com\/wp-content\/uploads\/2020\/09\/Unidades-compostaje-011.jpg' href=\"https:\/\/fvaestudio.com\/wp-content\/uploads\/2020\/09\/Unidades-compostaje-011.jpg\" data-fancybox=\"wpcp_view\">\n\t\t<figure>\n\t\t\t<img loading=\"lazy\" decoding=\"async\" class=\"skip-lazy\" src=\"https:\/\/fvaestudio.com\/wp-content\/uploads\/2020\/09\/Unidades-compostaje-011.jpg\" alt=\"Unidades compostaje 011\" width=\"803\" height=\"895\">\t\t<\/figure>\n\t<\/a>\n\t\t<\/div>\n<\/div>\n\t<div class=\"swiper-slide\">\n\t<div class=\"wpcp-single-item\">\n\t\t\t<a class=\"wcp-light-box\" data-buttons='[\"close\"]' data-wpc_url='https:\/\/fvaestudio.com\/wp-content\/uploads\/2020\/09\/Unidades-compostaje-012.jpg' href=\"https:\/\/fvaestudio.com\/wp-content\/uploads\/2020\/09\/Unidades-compostaje-012.jpg\" data-fancybox=\"wpcp_view\">\n\t\t<figure>\n\t\t\t<img loading=\"lazy\" decoding=\"async\" class=\"skip-lazy\" src=\"https:\/\/fvaestudio.com\/wp-content\/uploads\/2020\/09\/Unidades-compostaje-012.jpg\" alt=\"Unidades compostaje 012\" width=\"794\" height=\"936\">\t\t<\/figure>\n\t<\/a>\n\t\t<\/div>\n<\/div>\n\t<div class=\"swiper-slide\">\n\t<div class=\"wpcp-single-item\">\n\t\t\t<a class=\"wcp-light-box\" data-buttons='[\"close\"]' data-wpc_url='https:\/\/fvaestudio.com\/wp-content\/uploads\/2020\/09\/Unidades-compostaje-013.jpg' href=\"https:\/\/fvaestudio.com\/wp-content\/uploads\/2020\/09\/Unidades-compostaje-013.jpg\" data-fancybox=\"wpcp_view\">\n\t\t<figure>\n\t\t\t<img loading=\"lazy\" decoding=\"async\" class=\"skip-lazy\" src=\"https:\/\/fvaestudio.com\/wp-content\/uploads\/2020\/09\/Unidades-compostaje-013.jpg\" alt=\"Unidades compostaje 013\" width=\"832\" height=\"926\">\t\t<\/figure>\n\t<\/a>\n\t\t<\/div>\n<\/div>\n\t<div class=\"swiper-slide\">\n\t<div class=\"wpcp-single-item\">\n\t\t\t<a class=\"wcp-light-box\" data-buttons='[\"close\"]' data-wpc_url='https:\/\/fvaestudio.com\/wp-content\/uploads\/2020\/09\/Unidades-compostaje-014.jpg' href=\"https:\/\/fvaestudio.com\/wp-content\/uploads\/2020\/09\/Unidades-compostaje-014.jpg\" data-fancybox=\"wpcp_view\">\n\t\t<figure>\n\t\t\t<img loading=\"lazy\" decoding=\"async\" class=\"skip-lazy\" src=\"https:\/\/fvaestudio.com\/wp-content\/uploads\/2020\/09\/Unidades-compostaje-014.jpg\" alt=\"Unidades compostaje 014\" width=\"766\" height=\"829\">\t\t<\/figure>\n\t<\/a>\n\t\t<\/div>\n<\/div>\n\t<div class=\"swiper-slide\">\n\t<div class=\"wpcp-single-item\">\n\t\t\t<a class=\"wcp-light-box\" data-buttons='[\"close\"]' data-wpc_url='https:\/\/fvaestudio.com\/wp-content\/uploads\/2020\/09\/Unidades-compostaje-015.jpg' href=\"https:\/\/fvaestudio.com\/wp-content\/uploads\/2020\/09\/Unidades-compostaje-015.jpg\" data-fancybox=\"wpcp_view\">\n\t\t<figure>\n\t\t\t<img loading=\"lazy\" decoding=\"async\" class=\"skip-lazy\" src=\"https:\/\/fvaestudio.com\/wp-content\/uploads\/2020\/09\/Unidades-compostaje-015.jpg\" alt=\"Unidades compostaje 015\" width=\"828\" height=\"859\">\t\t<\/figure>\n\t<\/a>\n\t\t<\/div>\n<\/div>\n\t<div class=\"swiper-slide\">\n\t<div class=\"wpcp-single-item\">\n\t\t\t<a class=\"wcp-light-box\" data-buttons='[\"close\"]' data-wpc_url='https:\/\/fvaestudio.com\/wp-content\/uploads\/2020\/09\/Unidades-compostaje-009.jpg' href=\"https:\/\/fvaestudio.com\/wp-content\/uploads\/2020\/09\/Unidades-compostaje-009.jpg\" data-fancybox=\"wpcp_view\">\n\t\t<figure>\n\t\t\t<img loading=\"lazy\" decoding=\"async\" class=\"skip-lazy\" src=\"https:\/\/fvaestudio.com\/wp-content\/uploads\/2020\/09\/Unidades-compostaje-009.jpg\" alt=\"Unidades compostaje 009\" width=\"616\" height=\"532\">\t\t<\/figure>\n\t<\/a>\n\t\t<\/div>\n<\/div>\n\t<div class=\"swiper-slide\">\n\t<div class=\"wpcp-single-item\">\n\t\t\t<a class=\"wcp-light-box\" data-buttons='[\"close\"]' data-wpc_url='https:\/\/fvaestudio.com\/wp-content\/uploads\/2020\/09\/Unidades-compostaje-008-scaled.jpg' href=\"https:\/\/fvaestudio.com\/wp-content\/uploads\/2020\/09\/Unidades-compostaje-008-scaled.jpg\" data-fancybox=\"wpcp_view\">\n\t\t<figure>\n\t\t\t<img loading=\"lazy\" decoding=\"async\" class=\"skip-lazy\" src=\"https:\/\/fvaestudio.com\/wp-content\/uploads\/2020\/09\/Unidades-compostaje-008-scaled.jpg\" alt=\"Unidades compostaje 008\" width=\"2560\" height=\"1318\">\t\t<\/figure>\n\t<\/a>\n\t\t<\/div>\n<\/div>\n\t<div class=\"swiper-slide\">\n\t<div class=\"wpcp-single-item\">\n\t\t\t<a class=\"wcp-light-box\" data-buttons='[\"close\"]' data-wpc_url='https:\/\/fvaestudio.com\/wp-content\/uploads\/2020\/09\/Unidades-compostaje-010.jpg' href=\"https:\/\/fvaestudio.com\/wp-content\/uploads\/2020\/09\/Unidades-compostaje-010.jpg\" data-fancybox=\"wpcp_view\">\n\t\t<figure>\n\t\t\t<img loading=\"lazy\" decoding=\"async\" class=\"skip-lazy\" src=\"https:\/\/fvaestudio.com\/wp-content\/uploads\/2020\/09\/Unidades-compostaje-010.jpg\" alt=\"Unidades compostaje 010\" width=\"640\" height=\"368\">\t\t<\/figure>\n\t<\/a>\n\t\t<\/div>\n<\/div>\n\t<div class=\"swiper-slide\">\n\t<div class=\"wpcp-single-item\">\n\t\t\t<a class=\"wcp-light-box\" data-buttons='[\"close\"]' data-wpc_url='https:\/\/fvaestudio.com\/wp-content\/uploads\/2020\/09\/Unidades-compostaje-016-scaled.jpg' href=\"https:\/\/fvaestudio.com\/wp-content\/uploads\/2020\/09\/Unidades-compostaje-016-scaled.jpg\" data-fancybox=\"wpcp_view\">\n\t\t<figure>\n\t\t\t<img loading=\"lazy\" decoding=\"async\" class=\"skip-lazy\" src=\"https:\/\/fvaestudio.com\/wp-content\/uploads\/2020\/09\/Unidades-compostaje-016-scaled.jpg\" alt=\"Unidades compostaje 016\" width=\"2560\" height=\"1665\">\t\t<\/figure>\n\t<\/a>\n\t\t<\/div>\n<\/div>\n\t<div class=\"swiper-slide\">\n\t<div class=\"wpcp-single-item\">\n\t\t\t<a class=\"wcp-light-box\" data-buttons='[\"close\"]' data-wpc_url='https:\/\/fvaestudio.com\/wp-content\/uploads\/2020\/09\/Unidades-compostaje-017.jpg' href=\"https:\/\/fvaestudio.com\/wp-content\/uploads\/2020\/09\/Unidades-compostaje-017.jpg\" data-fancybox=\"wpcp_view\">\n\t\t<figure>\n\t\t\t<img loading=\"lazy\" decoding=\"async\" class=\"skip-lazy\" src=\"https:\/\/fvaestudio.com\/wp-content\/uploads\/2020\/09\/Unidades-compostaje-017.jpg\" alt=\"Unidades compostaje 017\" width=\"1630\" height=\"968\">\t\t<\/figure>\n\t<\/a>\n\t\t<\/div>\n<\/div>\n\t<div class=\"swiper-slide\">\n\t<div class=\"wpcp-single-item\">\n\t\t\t<a class=\"wcp-light-box\" data-buttons='[\"close\"]' data-wpc_url='https:\/\/fvaestudio.com\/wp-content\/uploads\/2020\/09\/Unidades-compostaje-018.jpg' href=\"https:\/\/fvaestudio.com\/wp-content\/uploads\/2020\/09\/Unidades-compostaje-018.jpg\" data-fancybox=\"wpcp_view\">\n\t\t<figure>\n\t\t\t<img loading=\"lazy\" decoding=\"async\" class=\"skip-lazy\" src=\"https:\/\/fvaestudio.com\/wp-content\/uploads\/2020\/09\/Unidades-compostaje-018.jpg\" alt=\"Unidades compostaje 018\" width=\"1579\" height=\"952\">\t\t<\/figure>\n\t<\/a>\n\t\t<\/div>\n<\/div>\n\t\t\t<\/div>\n\t\t\t\t\t<div class=\"wpcp-swiper-dots swiper-pagination\"><\/div>\n\t\t\t\t<!-- If we need navigation buttons -->\n\t\t\t<\/div>\n\t<\/div>\n<\/div>\n\n\n\n\n<p><br>Ciudad: Partido de San Mart\u00edn\u00a0&#8211; Buenos Aires<br>A\u00f1o: 2014<\/p>\n\n\n\n<p>Unidades de Compostaje Urbano Re.Conquista<\/p>\n\n\n\n<p>La cantidad desmedida de basura, sumado al crecimiento poblacional, la marginalidad y el consumo masivo hicieron que las grandes ciudades latinoamericanas, como Buenos Aires, se rodearan de basurales y rellenos para tapar los residuos que produc\u00edan.<\/p>\n\n\n\n<p>Frente a esta situaci\u00f3n se propone una re-distribuci\u00f3n de la basura dentro del territorio, utilizando la parrilla ferroviaria existente como nuevo transporte de los residuos, formulando as\u00ed una red articulada con distintas unidades de reciclaje en el recorrido.<\/p>\n\n\n\n<p>Ubicadas en el partido de San Mart\u00edn, las principales unidades de compostaje urbano, proponen un nuevo tratamiento de la basura, mediante plataformas p\u00fablicas autosuficientes, que generan compost para recuperar los territorios contaminados, tratan los lixiviados y reemplazan la energ\u00eda convencional por bio-energia.<\/p>\n\n\n\n<p>El esquema general consiste en tres plataformas, articuladas entre si y vinculadas a la l\u00ednea f\u00e9rrea:<\/p>\n\n\n\n<p><strong>A-La residencial<\/strong>, que ofrece viviendas y superficie de huertas para sus habitantes, y tambi\u00e9n trata los efluentes cloacales mediante biodiscos.<\/p>\n\n\n\n<p><strong>B- La plataforma parque<\/strong>, donde est\u00e1 el tratamiento de compostaje propiamente dicho para la recuperaci\u00f3n del suelo y el tratamiento de lixiviados (contempla tambi\u00e9n huertas hidrop\u00f3nicas).<\/p>\n\n\n\n<p><strong>C- La de energ\u00eda<\/strong>, que es una planta donde se extrae y tambi\u00e9n se produce biog\u00e1s.<\/p>\n\n\n\n<p><br>Equipo de trabajo: Parra Candela &#8211; Barbeito Emiliano &#8211; Vannini Francisco \/Arquitectos. Este trabajo resulta del proyecto de Tesis (unidades de compostaje Urbano) que realizamos en la c\u00e1tedra del TALLER MEDITERRANEO de la FAUD-UNC. Fue presentado tambi\u00e9n en los TAU Talleres de la Universidad Nacional de San Martin (UNSAM).<br><br><a href=\"http:\/\/www.unsam.edu.ar\/tau\/sitio\/disertantes-2014\/francisco-vannini\/\">http:\/\/www.unsam.edu.ar\/tau\/sitio\/disertantes-2014\/francisco-vannini\/<\/a><br><\/p>\n","protected":false},"excerpt":{"rendered":"<p>Ciudad: Partido de San Mart\u00edn\u00a0&#8211; Buenos AiresA\u00f1o: 2014 Unidades de Compostaje Urbano Re.Conquista La cantidad desmedida de basura, sumado al crecimiento poblacional, la marginalidad y el consumo masivo hicieron que las grandes ciudades latinoamericanas, como Buenos Aires, se rodearan de basurales y rellenos para tapar los residuos que produc\u00edan. Frente a esta situaci\u00f3n se propone [&hellip;]<\/p>\n","protected":false},"author":1,"featured_media":0,"parent":0,"menu_order":0,"comment_status":"closed","ping_status":"closed","template":"","meta":{"footnotes":""},"class_list":["post-200","page","type-page","status-publish","hentry"],"_links":{"self":[{"href":"https:\/\/fvaestudio.com\/index.php?rest_route=\/wp\/v2\/pages\/200","targetHints":{"allow":["GET"]}}],"collection":[{"href":"https:\/\/fvaestudio.com\/index.php?rest_route=\/wp\/v2\/pages"}],"about":[{"href":"https:\/\/fvaestudio.com\/index.php?rest_route=\/wp\/v2\/types\/page"}],"author":[{"embeddable":true,"href":"https:\/\/fvaestudio.com\/index.php?rest_route=\/wp\/v2\/users\/1"}],"replies":[{"embeddable":true,"href":"https:\/\/fvaestudio.com\/index.php?rest_route=%2Fwp%2Fv2%2Fcomments&post=200"}],"version-history":[{"count":3,"href":"https:\/\/fvaestudio.com\/index.php?rest_route=\/wp\/v2\/pages\/200\/revisions"}],"predecessor-version":[{"id":392,"href":"https:\/\/fvaestudio.com\/index.php?rest_route=\/wp\/v2\/pages\/200\/revisions\/392"}],"wp:attachment":[{"href":"https:\/\/fvaestudio.com\/index.php?rest_route=%2Fwp%2Fv2%2Fmedia&parent=200"}],"curies":[{"name":"wp","href":"https:\/\/api.w.org\/{rel}","templated":true}]}}