{"id":322,"date":"2020-09-06T15:02:52","date_gmt":"2020-09-06T15:02:52","guid":{"rendered":"https:\/\/fvaestudio.com\/?page_id=322"},"modified":"2020-09-11T23:48:25","modified_gmt":"2020-09-11T23:48:25","slug":"clarin-sca","status":"publish","type":"page","link":"https:\/\/fvaestudio.com\/?page_id=322","title":{"rendered":"Nacional Clarin SCA"},"content":{"rendered":"\n<style id=\"wp_carousel_dynamic_css306\">#sp-wp-carousel-free-id-306 .wpcp-swiper-dots {margin: 40px 0px 0px 0px;}.wpcp-wrapper-306 .swiper-wrapper .swiper-slide-kenburn, .wpcp-wrapper-306 .swiper-wrapper, .wpcp-wrapper-306 .wpcpro-row{align-items: center;}#sp-wp-carousel-free-id-306 .wpcp-single-item {box-shadow: 0px 0px 0px 0px #dddddd;transition: all .3s;margin: 0px;}#sp-wp-carousel-free-id-306.swiper-flip .wpcp-single-item{margin: 0!important;}#sp-wp-carousel-free-id-306 .wpcp-single-item:hover {box-shadow: 0px 0px 0px 0px #dddddd;}#sp-wp-carousel-free-id-306.sp-wpcp-306 .wpcp-single-item {border: 1px solid #dddddd;}#sp-wp-carousel-free-id-306.sp-wpcp-306 .swiper-button-prev,#sp-wp-carousel-free-id-306.sp-wpcp-306 .swiper-button-next,#sp-wp-carousel-free-id-306.sp-wpcp-306 .swiper-button-prev:hover,#sp-wp-carousel-free-id-306.sp-wpcp-306 .swiper-button-next:hover {background: none;border: none;font-size: 30px;}#sp-wp-carousel-free-id-306.sp-wpcp-306 .swiper-button-prev i,#sp-wp-carousel-free-id-306.sp-wpcp-306 .swiper-button-next i {color: #aaa;}#sp-wp-carousel-free-id-306.sp-wpcp-306 .swiper-button-prev i:hover,#sp-wp-carousel-free-id-306.sp-wpcp-306 .swiper-button-next i:hover {color: #52b3d9;}#sp-wp-carousel-free-id-306.sp-wpcp-306 .wpcp-swiper-dots .swiper-pagination-bullet {background-color: #cccccc;}#sp-wp-carousel-free-id-306.sp-wpcp-306 .wpcp-swiper-dots .swiper-pagination-bullet.swiper-pagination-bullet-active {background-color: #52b3d9;} #sp-wp-carousel-free-id-306.sp-wpcp-306.wpcp-image-carousel .wpcp-single-item:hover img, #sp-wp-carousel-free-id-306.sp-wpcp-306.wpcp-post-carousel .wpcp-single-item:hover img, #sp-wp-carousel-free-id-306.sp-wpcp-306.wpcp-product-carousel .wpcp-single-item:hover img{-webkit-transform: scale(1.2);-moz-transform: scale(1.2);transform: scale(1.2);}#sp-wp-carousel-free-id-306 .wpcpro-row>[class*=\"wpcpro-col-\"] { padding: 0 10px; padding-bottom: 20px;} #sp-wp-carousel-free-id-306 .swiper-slide .single-item-fade:not(:last-child) { margin-right: 20px;}@media (min-width: 480px) { .wpcpro-row .wpcpro-col-sm-1 { flex: 0 0 100%; max-width: 100%; } .wpcpro-row .wpcpro-col-sm-2 { flex: 0 0 50%; max-width: 50%; } .wpcpro-row .wpcpro-col-sm-2-5 { flex: 0 0 75%; max-width: 75%; } .wpcpro-row .wpcpro-col-sm-3 { flex: 0 0 33.333%; max-width: 33.333%; } .wpcpro-row .wpcpro-col-sm-4 { flex: 0 0 25%; max-width: 25%; } .wpcpro-row .wpcpro-col-sm-5 { flex: 0 0 20%; max-width: 20%; } .wpcpro-row .wpcpro-col-sm-6 { flex: 0 0 16.66666666666667%; max-width: 16.66666666666667%; } .wpcpro-row .wpcpro-col-sm-7 { flex: 0 0 14.28571428%; max-width: 14.28571428%; } .wpcpro-row .wpcpro-col-sm-8 { flex: 0 0 12.5%; max-width: 12.5%; } } @media (max-width: 480px) { .wpcpro-row .wpcpro-col-xs-1 { flex: 0 0 100%; max-width: 100%; } .wpcpro-row .wpcpro-col-xs-2 { flex: 0 0 50%; max-width: 50%; } .wpcpro-row .wpcpro-col-xs-3 { flex: 0 0 33.222%; max-width: 33.222%; } .wpcpro-row .wpcpro-col-xs-4 { flex: 0 0 25%; max-width: 25%; } .wpcpro-row .wpcpro-col-xs-5 { flex: 0 0 20%; max-width: 20%; } .wpcpro-row .wpcpro-col-xs-6 { flex: 0 0 16.6667%; max-width: 16.6667%; } .wpcpro-row .wpcpro-col-xs-7 { flex: 0 0 14.28571428%; max-width: 14.28571428%; } .wpcpro-row .wpcpro-col-xs-8 { flex: 0 0 12.5%; max-width: 12.5%; } } @media (min-width: 736px) { .wpcpro-row .wpcpro-col-md-1 { flex: 0 0 100%; max-width: 100%; } .wpcpro-row .wpcpro-col-md-2 { flex: 0 0 50%; max-width: 50%; } .wpcpro-row .wpcpro-col-md-2-5 { flex: 0 0 75%; max-width: 75%; } .wpcpro-row .wpcpro-col-md-3 { flex: 0 0 33.333%; max-width: 33.333%; } .wpcpro-row .wpcpro-col-md-4 { flex: 0 0 25%; max-width: 25%; } .wpcpro-row .wpcpro-col-md-5 { flex: 0 0 20%; max-width: 20%; } .wpcpro-row .wpcpro-col-md-6 { flex: 0 0 16.66666666666667%; max-width: 16.66666666666667%; } .wpcpro-row .wpcpro-col-md-7 { flex: 0 0 14.28571428%; max-width: 14.28571428%; } .wpcpro-row .wpcpro-col-md-8 { flex: 0 0 12.5%; max-width: 12.5%; } } @media (min-width: 980px) { .wpcpro-row .wpcpro-col-lg-1 { flex: 0 0 100%; max-width: 100%; } .wpcpro-row .wpcpro-col-lg-2 { flex: 0 0 50%; max-width: 50%; } .wpcpro-row .wpcpro-col-lg-3 { flex: 0 0 33.222%; max-width: 33.222%; } .wpcpro-row .wpcpro-col-lg-4 { flex: 0 0 25%; max-width: 25%; } .wpcpro-row .wpcpro-col-lg-5 { flex: 0 0 20%; max-width: 20%; } .wpcpro-row .wpcpro-col-lg-6 { flex: 0 0 16.6667%; max-width: 16.6667%; } .wpcpro-row .wpcpro-col-lg-7 { flex: 0 0 14.28571428%; max-width: 14.28571428%; } .wpcpro-row .wpcpro-col-lg-8 { flex: 0 0 12.5%; max-width: 12.5%; } } @media (min-width: 1200px) { .wpcpro-row .wpcpro-col-xl-1 { flex: 0 0 100%; max-width: 100%; } .wpcpro-row .wpcpro-col-xl-2 { flex: 0 0 50%; max-width: 50%; } .wpcpro-row .wpcpro-col-xl-3 { flex: 0 0 33.22222222%; max-width: 33.22222222%; } .wpcpro-row .wpcpro-col-xl-4 { flex: 0 0 25%; max-width: 25%; } .wpcpro-row .wpcpro-col-xl-5 { flex: 0 0 20%; max-width: 20%; } .wpcpro-row .wpcpro-col-xl-6 { flex: 0 0 16.66667%; max-width: 16.66667%; } .wpcpro-row .wpcpro-col-xl-7 { flex: 0 0 14.28571428%; max-width: 14.28571428%; } .wpcpro-row .wpcpro-col-xl-8 { flex: 0 0 12.5%; max-width: 12.5%; } }<\/style><div class=\"wpcp-carousel-wrapper wpcp-wrapper-306\">\n\t<div id=\"wpcp-preloader-306\" class=\"wpcp-carousel-preloader\"><img decoding=\"async\" src=\"https:\/\/fvaestudio.com\/wp-content\/plugins\/wp-carousel-free\/public\/css\/spinner.svg\" alt=\"Preloader Image\" \/><\/div>\t<div class=\"wpcp-carousel-content-wrapper\">\n\t<div id=\"sp-wp-carousel-free-id-306\" class=\"wpcp-carousel-section sp-wpcp-306  nav-vertical-center wpcp-image-carousel wpcp-preloader wpcp-standard\" data-swiper='{ &quot;accessibility&quot;:true, &quot;spaceBetween&quot;:20, &quot;arrows&quot;:false, &quot;freeMode&quot;: false, &quot;autoplay&quot;:true, &quot;effect&quot;: &quot;slide&quot;, &quot;centerMode&quot;: false, &quot;autoplaySpeed&quot;:3000, &quot;dots&quot;:true, &quot;infinite&quot;:true, &quot;speed&quot;:600, &quot;pauseOnHover&quot;:true,\n\t\t\t&quot;slidesToShow&quot;:{&quot;lg_desktop&quot;:1, &quot;desktop&quot;: 1, &quot;laptop&quot;: 1, &quot;tablet&quot;: 1, &quot;mobile&quot;: 1}, &quot;responsive&quot;:{&quot;desktop&quot;:1200, &quot;laptop&quot;: 980, &quot;tablet&quot;: 736, &quot;mobile&quot;: 480}, &quot;rtl&quot;:false, &quot;lazyLoad&quot;: &quot;false&quot;, &quot;swipe&quot;: true, &quot;draggable&quot;: true, &quot;swipeToSlide&quot;:true }' dir=\"ltr\">\n\t\t<div class=\"swiper-wrapper\">\n\t\t<div class=\"swiper-slide\">\n\t<div class=\"wpcp-single-item\">\n\t\t\t<a class=\"wcp-light-box\" data-buttons='[\"close\"]' data-wpc_url='https:\/\/fvaestudio.com\/wp-content\/uploads\/2020\/09\/lamina-001carrousel-scaled.jpg' href=\"https:\/\/fvaestudio.com\/wp-content\/uploads\/2020\/09\/lamina-001carrousel-scaled.jpg\" data-fancybox=\"wpcp_view\">\n\t\t<figure>\n\t\t\t<img loading=\"lazy\" decoding=\"async\" class=\"skip-lazy\" src=\"https:\/\/fvaestudio.com\/wp-content\/uploads\/2020\/09\/lamina-001carrousel-scaled.jpg\" alt=\"a2.cdr\" width=\"2560\" height=\"1898\">\t\t<\/figure>\n\t<\/a>\n\t\t<\/div>\n<\/div>\n\t<div class=\"swiper-slide\">\n\t<div class=\"wpcp-single-item\">\n\t\t\t<a class=\"wcp-light-box\" data-buttons='[\"close\"]' data-wpc_url='https:\/\/fvaestudio.com\/wp-content\/uploads\/2020\/09\/03_Organic-Recycling-Center_Inside-view-and-program-1.jpg' href=\"https:\/\/fvaestudio.com\/wp-content\/uploads\/2020\/09\/03_Organic-Recycling-Center_Inside-view-and-program-1.jpg\" data-fancybox=\"wpcp_view\">\n\t\t<figure>\n\t\t\t<img loading=\"lazy\" decoding=\"async\" class=\"skip-lazy\" src=\"https:\/\/fvaestudio.com\/wp-content\/uploads\/2020\/09\/03_Organic-Recycling-Center_Inside-view-and-program-1.jpg\" alt=\"#03_Organic Recycling Center_Inside view and program\" width=\"900\" height=\"852\">\t\t<\/figure>\n\t<\/a>\n\t\t<\/div>\n<\/div>\n\t<div class=\"swiper-slide\">\n\t<div class=\"wpcp-single-item\">\n\t\t\t<a class=\"wcp-light-box\" data-buttons='[\"close\"]' data-wpc_url='https:\/\/fvaestudio.com\/wp-content\/uploads\/2020\/09\/lamina-002-scaled.jpg' href=\"https:\/\/fvaestudio.com\/wp-content\/uploads\/2020\/09\/lamina-002-scaled.jpg\" data-fancybox=\"wpcp_view\">\n\t\t<figure>\n\t\t\t<img loading=\"lazy\" decoding=\"async\" class=\"skip-lazy\" src=\"https:\/\/fvaestudio.com\/wp-content\/uploads\/2020\/09\/lamina-002-scaled.jpg\" alt=\"lamina 3 a2.cdr\" width=\"2560\" height=\"1686\">\t\t<\/figure>\n\t<\/a>\n\t\t<\/div>\n<\/div>\n\t<div class=\"swiper-slide\">\n\t<div class=\"wpcp-single-item\">\n\t\t\t<a class=\"wcp-light-box\" data-buttons='[\"close\"]' data-wpc_url='https:\/\/fvaestudio.com\/wp-content\/uploads\/2020\/09\/lamina-003-scaled.jpg' href=\"https:\/\/fvaestudio.com\/wp-content\/uploads\/2020\/09\/lamina-003-scaled.jpg\" data-fancybox=\"wpcp_view\">\n\t\t<figure>\n\t\t\t<img loading=\"lazy\" decoding=\"async\" class=\"skip-lazy\" src=\"https:\/\/fvaestudio.com\/wp-content\/uploads\/2020\/09\/lamina-003-scaled.jpg\" alt=\"lamina 3 a2.cdr\" width=\"2560\" height=\"1657\">\t\t<\/figure>\n\t<\/a>\n\t\t<\/div>\n<\/div>\n\t<div class=\"swiper-slide\">\n\t<div class=\"wpcp-single-item\">\n\t\t\t<a class=\"wcp-light-box\" data-buttons='[\"close\"]' data-wpc_url='https:\/\/fvaestudio.com\/wp-content\/uploads\/2020\/09\/lamina-004-scaled.jpg' href=\"https:\/\/fvaestudio.com\/wp-content\/uploads\/2020\/09\/lamina-004-scaled.jpg\" data-fancybox=\"wpcp_view\">\n\t\t<figure>\n\t\t\t<img loading=\"lazy\" decoding=\"async\" class=\"skip-lazy\" src=\"https:\/\/fvaestudio.com\/wp-content\/uploads\/2020\/09\/lamina-004-scaled.jpg\" alt=\"lamina 3 a2.cdr\" width=\"2560\" height=\"1674\">\t\t<\/figure>\n\t<\/a>\n\t\t<\/div>\n<\/div>\n\t<div class=\"swiper-slide\">\n\t<div class=\"wpcp-single-item\">\n\t\t\t<a class=\"wcp-light-box\" data-buttons='[\"close\"]' data-wpc_url='https:\/\/fvaestudio.com\/wp-content\/uploads\/2020\/09\/lamina-005-scaled.jpg' href=\"https:\/\/fvaestudio.com\/wp-content\/uploads\/2020\/09\/lamina-005-scaled.jpg\" data-fancybox=\"wpcp_view\">\n\t\t<figure>\n\t\t\t<img loading=\"lazy\" decoding=\"async\" class=\"skip-lazy\" src=\"https:\/\/fvaestudio.com\/wp-content\/uploads\/2020\/09\/lamina-005-scaled.jpg\" alt=\"lamina 3 a2.cdr\" width=\"2560\" height=\"1640\">\t\t<\/figure>\n\t<\/a>\n\t\t<\/div>\n<\/div>\n\t<div class=\"swiper-slide\">\n\t<div class=\"wpcp-single-item\">\n\t\t\t<a class=\"wcp-light-box\" data-buttons='[\"close\"]' data-wpc_url='https:\/\/fvaestudio.com\/wp-content\/uploads\/2020\/09\/04_Organic-Recycling-Center_Planes-1.jpg' href=\"https:\/\/fvaestudio.com\/wp-content\/uploads\/2020\/09\/04_Organic-Recycling-Center_Planes-1.jpg\" data-fancybox=\"wpcp_view\">\n\t\t<figure>\n\t\t\t<img loading=\"lazy\" decoding=\"async\" class=\"skip-lazy\" src=\"https:\/\/fvaestudio.com\/wp-content\/uploads\/2020\/09\/04_Organic-Recycling-Center_Planes-1.jpg\" alt=\"#04_Organic Recycling Center_Planes\" width=\"900\" height=\"315\">\t\t<\/figure>\n\t<\/a>\n\t\t<\/div>\n<\/div>\n\t<div class=\"swiper-slide\">\n\t<div class=\"wpcp-single-item\">\n\t\t\t<a class=\"wcp-light-box\" data-buttons='[\"close\"]' data-wpc_url='https:\/\/fvaestudio.com\/wp-content\/uploads\/2020\/09\/07_Organic-Recycling-Center_Public-Market-View-1.jpg' href=\"https:\/\/fvaestudio.com\/wp-content\/uploads\/2020\/09\/07_Organic-Recycling-Center_Public-Market-View-1.jpg\" data-fancybox=\"wpcp_view\">\n\t\t<figure>\n\t\t\t<img loading=\"lazy\" decoding=\"async\" class=\"skip-lazy\" src=\"https:\/\/fvaestudio.com\/wp-content\/uploads\/2020\/09\/07_Organic-Recycling-Center_Public-Market-View-1.jpg\" alt=\"#07_Organic Recycling Center_Public Market View\" width=\"900\" height=\"594\">\t\t<\/figure>\n\t<\/a>\n\t\t<\/div>\n<\/div>\n\t<div class=\"swiper-slide\">\n\t<div class=\"wpcp-single-item\">\n\t\t\t<a class=\"wcp-light-box\" data-buttons='[\"close\"]' data-wpc_url='https:\/\/fvaestudio.com\/wp-content\/uploads\/2020\/09\/08_Organic-Recycling-Center_Productive-Facade-and-Neighbourd-view-1.jpg' href=\"https:\/\/fvaestudio.com\/wp-content\/uploads\/2020\/09\/08_Organic-Recycling-Center_Productive-Facade-and-Neighbourd-view-1.jpg\" data-fancybox=\"wpcp_view\">\n\t\t<figure>\n\t\t\t<img loading=\"lazy\" decoding=\"async\" class=\"skip-lazy\" src=\"https:\/\/fvaestudio.com\/wp-content\/uploads\/2020\/09\/08_Organic-Recycling-Center_Productive-Facade-and-Neighbourd-view-1.jpg\" alt=\"#08_Organic Recycling Center_Productive Facade and Neighbourd view\" width=\"900\" height=\"653\">\t\t<\/figure>\n\t<\/a>\n\t\t<\/div>\n<\/div>\n\t<div class=\"swiper-slide\">\n\t<div class=\"wpcp-single-item\">\n\t\t\t<a class=\"wcp-light-box\" data-buttons='[\"close\"]' data-wpc_url='https:\/\/fvaestudio.com\/wp-content\/uploads\/2020\/09\/09_Organic-Recycling-Center_Future-Densification-View-1.jpg' href=\"https:\/\/fvaestudio.com\/wp-content\/uploads\/2020\/09\/09_Organic-Recycling-Center_Future-Densification-View-1.jpg\" data-fancybox=\"wpcp_view\">\n\t\t<figure>\n\t\t\t<img loading=\"lazy\" decoding=\"async\" class=\"skip-lazy\" src=\"https:\/\/fvaestudio.com\/wp-content\/uploads\/2020\/09\/09_Organic-Recycling-Center_Future-Densification-View-1.jpg\" alt=\"#09_Organic Recycling Center_Future Densification View\" width=\"900\" height=\"574\">\t\t<\/figure>\n\t<\/a>\n\t\t<\/div>\n<\/div>\n\t<div class=\"swiper-slide\">\n\t<div class=\"wpcp-single-item\">\n\t\t\t<a class=\"wcp-light-box\" data-buttons='[\"close\"]' data-wpc_url='https:\/\/fvaestudio.com\/wp-content\/uploads\/2020\/09\/12_Organic-Recycling-Center_Urban-Farming-next-to-the-Garbage-Railway-1.jpg' href=\"https:\/\/fvaestudio.com\/wp-content\/uploads\/2020\/09\/12_Organic-Recycling-Center_Urban-Farming-next-to-the-Garbage-Railway-1.jpg\" data-fancybox=\"wpcp_view\">\n\t\t<figure>\n\t\t\t<img loading=\"lazy\" decoding=\"async\" class=\"skip-lazy\" src=\"https:\/\/fvaestudio.com\/wp-content\/uploads\/2020\/09\/12_Organic-Recycling-Center_Urban-Farming-next-to-the-Garbage-Railway-1.jpg\" alt=\"#12_Organic Recycling Center_Urban Farming next to the Garbage Railway\" width=\"900\" height=\"514\">\t\t<\/figure>\n\t<\/a>\n\t\t<\/div>\n<\/div>\n\t<div class=\"swiper-slide\">\n\t<div class=\"wpcp-single-item\">\n\t\t\t<a class=\"wcp-light-box\" data-buttons='[\"close\"]' data-wpc_url='https:\/\/fvaestudio.com\/wp-content\/uploads\/2020\/09\/13_Organic-Recycling-Center_Actual-Neighborhood-Garbaje-and-Social-Situation-1.jpg' href=\"https:\/\/fvaestudio.com\/wp-content\/uploads\/2020\/09\/13_Organic-Recycling-Center_Actual-Neighborhood-Garbaje-and-Social-Situation-1.jpg\" data-fancybox=\"wpcp_view\">\n\t\t<figure>\n\t\t\t<img loading=\"lazy\" decoding=\"async\" class=\"skip-lazy\" src=\"https:\/\/fvaestudio.com\/wp-content\/uploads\/2020\/09\/13_Organic-Recycling-Center_Actual-Neighborhood-Garbaje-and-Social-Situation-1.jpg\" alt=\"#13_Organic Recycling Center_Actual Neighborhood Garbaje and Social Situation\" width=\"900\" height=\"775\">\t\t<\/figure>\n\t<\/a>\n\t\t<\/div>\n<\/div>\n\t<div class=\"swiper-slide\">\n\t<div class=\"wpcp-single-item\">\n\t\t\t<a class=\"wcp-light-box\" data-buttons='[\"close\"]' data-wpc_url='https:\/\/fvaestudio.com\/wp-content\/uploads\/2020\/07\/PROYECTO-RE.CONQUISTA-Tapa-Clarin-Arquitectura.jpg' href=\"https:\/\/fvaestudio.com\/wp-content\/uploads\/2020\/07\/PROYECTO-RE.CONQUISTA-Tapa-Clarin-Arquitectura.jpg\" data-fancybox=\"wpcp_view\">\n\t\t<figure>\n\t\t\t<img loading=\"lazy\" decoding=\"async\" class=\"skip-lazy\" src=\"https:\/\/fvaestudio.com\/wp-content\/uploads\/2020\/07\/PROYECTO-RE.CONQUISTA-Tapa-Clarin-Arquitectura.jpg\" alt=\"PROYECTO RE.CONQUISTA - Tapa Clarin Arquitectura\" width=\"480\" height=\"660\">\t\t<\/figure>\n\t<\/a>\n\t\t<\/div>\n<\/div>\n\t\t\t<\/div>\n\t\t\t\t\t<div class=\"wpcp-swiper-dots swiper-pagination\"><\/div>\n\t\t\t\t<!-- If we need navigation buttons -->\n\t\t\t<\/div>\n\t<\/div>\n<\/div>\n\n\n\n\n<p>PREMIO: MENCION HONRIFICA<br>PROYECTO RE.CONQUISTA<\/p>\n\n\n\n<p>Realizado con el equipo de trabajo que conformamos junto a los arquitectos Parra Candela y Barbeito Emiliano (BPV).<br>Este trabajo resulta de una continuaci\u00f3n del proyecto de Tesis (unidades de compostaje Urbano) que realizamos en la c\u00e1tedra del TALLER MEDITERRANEO de la FAUD-UNC. Fue presentado tambi\u00e9n en los TAU Talleres de la Universidad Nacional de San Martin (UNSAM). <\/p>\n\n\n\n<p>A\u00f1o: 2015<\/p>\n\n\n\n<p>Publicacion del Trabajo en Pagina de Paraguay:<br><a href=\"https:\/\/www.mandua.com.py\/argentina-y-el-nordeste-s71https:\/\/www.mandua.com.py\/argentina-y-el-nordeste-s71\n\">https:\/\/www.mandua.com.py\/argentina-y-el-nordeste-s71https:\/\/www.mandua.com.py\/argentina-y-el-nordeste-s71<br><\/a><br>Video Explicaci\u00f3n S\u00edntesis del Proyecto ( 3&#8242; ):<\/p>\n\n\n\n<figure class=\"wp-block-embed-youtube wp-block-embed is-type-video is-provider-youtube wp-embed-aspect-4-3 wp-has-aspect-ratio\"><div class=\"wp-block-embed__wrapper\">\n<iframe loading=\"lazy\" title=\"Proyecto RE.Conquista\" width=\"900\" height=\"675\" src=\"https:\/\/www.youtube.com\/embed\/tAAhvR10EOE?start=5&#038;feature=oembed\" frameborder=\"0\" allow=\"accelerometer; autoplay; encrypted-media; gyroscope; picture-in-picture\" allowfullscreen><\/iframe>\n<\/div><\/figure>\n\n\n\n<p><\/p>\n\n\n\n<p>CENTRO DE RECICLAJE ORG\u00c1NICO RE.CONQUISTA<\/p>\n\n\n\n<p>El centro central de reciclaje de residuos org\u00e1nicos est\u00e1 ubicado en los m\u00e1rgenes del estado de San Mart\u00edn, en Buenos Aires, Argentina, sobre el paso de v\u00edas f\u00e9rreas, en un terreno degradado y lleno de vertederos. Su funci\u00f3n es procesar todos los residuos org\u00e1nicos que provienen del capital, transformarlos en compost para recuperar los vertederos contaminados y generar una gran superficie de huertos urbanos terrestres. La pieza act\u00faa como un nodo para la poblaci\u00f3n que une dos barrios, interactuando y mejorando las condiciones de la zona, y tambi\u00e9n ofrece a la comunidad un gran mercado y lugares p\u00fablicos para comer.<\/p>\n\n\n\n<p>La sobrepoblaci\u00f3n, la marginaci\u00f3n y la gran cantidad de residuos urbanos de las grandes megaciudades latinoamericanas son un problema que aumenta cada d\u00eda sin una respuesta adecuada, y esto se agudiza a\u00fan m\u00e1s cuando estos tres factores se combinan en una sola realidad.<\/p>\n\n\n\n<p>El Centro de Reciclaje Org\u00e1nico Reconquista est\u00e1 ubicado en La C\u00e1rcova, partido de San Mart\u00edn, Buenos Aires, Argentina, es un edificio autosuficiente en t\u00e9rminos de energ\u00eda que adem\u00e1s sirve como un gran espacio p\u00fablico.<\/p>\n\n\n\n<p>Su principal objetivo es recuperar, mediante el tratado de basuras, terrenos actualmente afectados por vertedero (de los barrios colindantes al sector), generando compost, bioenerg\u00eda y agua tratada, y as\u00ed ofrecer a la sociedad los recursos del sector para mejorar su calidad de vida. .<\/p>\n\n\n\n<p>Hoy el sector recibe el 87% de la basura Capital, 17.000 toneladas de ingresos diarios. Si hacemos un breve an\u00e1lisis econ\u00f3mico de la situaci\u00f3n y consideramos que por cada tonelada de residuos que se pueden obtener $ 1.000, estar\u00edamos desperdiciando $ 17 millones al d\u00eda.<\/p>\n\n\n\n<p>Si bien el proyecto incluye solo la parte org\u00e1nica de la basura (ya existe en la zona un centro de reciclaje inorg\u00e1nico), cambiando el paradigma de &#8220;basura elemento desechable&#8221; y entendiendo esto no como desperdicio sino como un producto que genera recursos (a trav\u00e9s del compostaje, alimentos , etc.), el mismo sistema visto desde este nuevo enfoque m\u00e1s los propios apoyos podr\u00edan generar un nivel de producci\u00f3n interesante.<\/p>\n\n\n\n<p>La estructura es met\u00e1lica (a modo de andamio) y est\u00e1 modulada de 6,00 mts x 6,00 mts, para una instalaci\u00f3n r\u00e1pida y econ\u00f3mica.<\/p>\n\n\n\n<p>El proyecto tambi\u00e9n incluye una funci\u00f3n social: un mercado y talleres hortofrut\u00edcolas se encargan de educar a la poblaci\u00f3n del distrito sobre estos temas y ofrecen la posibilidad de producir alimentos y comercializar el excedente. Y una estaci\u00f3n de tren de la actual l\u00ednea Mitre se encarga de comunicar todo esto con la Capital.<\/p>\n","protected":false},"excerpt":{"rendered":"<p>PREMIO: MENCION HONRIFICAPROYECTO RE.CONQUISTA Realizado con el equipo de trabajo que conformamos junto a los arquitectos Parra Candela y Barbeito Emiliano (BPV).Este trabajo resulta de una continuaci\u00f3n del proyecto de Tesis (unidades de compostaje Urbano) que realizamos en la c\u00e1tedra del TALLER MEDITERRANEO de la FAUD-UNC. Fue presentado tambi\u00e9n en los TAU Talleres de la [&hellip;]<\/p>\n","protected":false},"author":1,"featured_media":0,"parent":0,"menu_order":0,"comment_status":"closed","ping_status":"closed","template":"","meta":{"footnotes":""},"class_list":["post-322","page","type-page","status-publish","hentry"],"_links":{"self":[{"href":"https:\/\/fvaestudio.com\/index.php?rest_route=\/wp\/v2\/pages\/322","targetHints":{"allow":["GET"]}}],"collection":[{"href":"https:\/\/fvaestudio.com\/index.php?rest_route=\/wp\/v2\/pages"}],"about":[{"href":"https:\/\/fvaestudio.com\/index.php?rest_route=\/wp\/v2\/types\/page"}],"author":[{"embeddable":true,"href":"https:\/\/fvaestudio.com\/index.php?rest_route=\/wp\/v2\/users\/1"}],"replies":[{"embeddable":true,"href":"https:\/\/fvaestudio.com\/index.php?rest_route=%2Fwp%2Fv2%2Fcomments&post=322"}],"version-history":[{"count":8,"href":"https:\/\/fvaestudio.com\/index.php?rest_route=\/wp\/v2\/pages\/322\/revisions"}],"predecessor-version":[{"id":417,"href":"https:\/\/fvaestudio.com\/index.php?rest_route=\/wp\/v2\/pages\/322\/revisions\/417"}],"wp:attachment":[{"href":"https:\/\/fvaestudio.com\/index.php?rest_route=%2Fwp%2Fv2%2Fmedia&parent=322"}],"curies":[{"name":"wp","href":"https:\/\/api.w.org\/{rel}","templated":true}]}}