{"id":338,"date":"2020-09-06T15:56:08","date_gmt":"2020-09-06T15:56:08","guid":{"rendered":"https:\/\/fvaestudio.com\/?page_id=338"},"modified":"2020-09-06T16:20:52","modified_gmt":"2020-09-06T16:20:52","slug":"international-ideas-foward-24hs","status":"publish","type":"page","link":"https:\/\/fvaestudio.com\/?page_id=338","title":{"rendered":"International Ideas Foward 24hs"},"content":{"rendered":"\n<style id=\"wp_carousel_dynamic_css329\">#sp-wp-carousel-free-id-329 .wpcp-swiper-dots {margin: 40px 0px 0px 0px;}.wpcp-wrapper-329 .swiper-wrapper .swiper-slide-kenburn, .wpcp-wrapper-329 .swiper-wrapper, .wpcp-wrapper-329 .wpcpro-row{align-items: center;}#sp-wp-carousel-free-id-329 .wpcp-single-item {box-shadow: 0px 0px 0px 0px #dddddd;transition: all .3s;margin: 0px;}#sp-wp-carousel-free-id-329.swiper-flip .wpcp-single-item{margin: 0!important;}#sp-wp-carousel-free-id-329 .wpcp-single-item:hover {box-shadow: 0px 0px 0px 0px #dddddd;}#sp-wp-carousel-free-id-329.sp-wpcp-329 .wpcp-single-item {border: 1px solid #dddddd;}#sp-wp-carousel-free-id-329.sp-wpcp-329 .swiper-button-prev,#sp-wp-carousel-free-id-329.sp-wpcp-329 .swiper-button-next,#sp-wp-carousel-free-id-329.sp-wpcp-329 .swiper-button-prev:hover,#sp-wp-carousel-free-id-329.sp-wpcp-329 .swiper-button-next:hover {background: none;border: none;font-size: 30px;}#sp-wp-carousel-free-id-329.sp-wpcp-329 .swiper-button-prev i,#sp-wp-carousel-free-id-329.sp-wpcp-329 .swiper-button-next i {color: #aaa;}#sp-wp-carousel-free-id-329.sp-wpcp-329 .swiper-button-prev i:hover,#sp-wp-carousel-free-id-329.sp-wpcp-329 .swiper-button-next i:hover {color: #52b3d9;}#sp-wp-carousel-free-id-329.sp-wpcp-329 .wpcp-swiper-dots .swiper-pagination-bullet {background-color: #cccccc;}#sp-wp-carousel-free-id-329.sp-wpcp-329 .wpcp-swiper-dots .swiper-pagination-bullet.swiper-pagination-bullet-active {background-color: #52b3d9;} #sp-wp-carousel-free-id-329.sp-wpcp-329.wpcp-image-carousel .wpcp-single-item:hover img, #sp-wp-carousel-free-id-329.sp-wpcp-329.wpcp-post-carousel .wpcp-single-item:hover img, #sp-wp-carousel-free-id-329.sp-wpcp-329.wpcp-product-carousel .wpcp-single-item:hover img{-webkit-transform: scale(1.2);-moz-transform: scale(1.2);transform: scale(1.2);}#sp-wp-carousel-free-id-329 .wpcpro-row>[class*=\"wpcpro-col-\"] { padding: 0 10px; padding-bottom: 20px;} #sp-wp-carousel-free-id-329 .swiper-slide .single-item-fade:not(:last-child) { margin-right: 20px;}@media (min-width: 480px) { .wpcpro-row .wpcpro-col-sm-1 { flex: 0 0 100%; max-width: 100%; } .wpcpro-row .wpcpro-col-sm-2 { flex: 0 0 50%; max-width: 50%; } .wpcpro-row .wpcpro-col-sm-2-5 { flex: 0 0 75%; max-width: 75%; } .wpcpro-row .wpcpro-col-sm-3 { flex: 0 0 33.333%; max-width: 33.333%; } .wpcpro-row .wpcpro-col-sm-4 { flex: 0 0 25%; max-width: 25%; } .wpcpro-row .wpcpro-col-sm-5 { flex: 0 0 20%; max-width: 20%; } .wpcpro-row .wpcpro-col-sm-6 { flex: 0 0 16.66666666666667%; max-width: 16.66666666666667%; } .wpcpro-row .wpcpro-col-sm-7 { flex: 0 0 14.28571428%; max-width: 14.28571428%; } .wpcpro-row .wpcpro-col-sm-8 { flex: 0 0 12.5%; max-width: 12.5%; } } @media (max-width: 480px) { .wpcpro-row .wpcpro-col-xs-1 { flex: 0 0 100%; max-width: 100%; } .wpcpro-row .wpcpro-col-xs-2 { flex: 0 0 50%; max-width: 50%; } .wpcpro-row .wpcpro-col-xs-3 { flex: 0 0 33.222%; max-width: 33.222%; } .wpcpro-row .wpcpro-col-xs-4 { flex: 0 0 25%; max-width: 25%; } .wpcpro-row .wpcpro-col-xs-5 { flex: 0 0 20%; max-width: 20%; } .wpcpro-row .wpcpro-col-xs-6 { flex: 0 0 16.6667%; max-width: 16.6667%; } .wpcpro-row .wpcpro-col-xs-7 { flex: 0 0 14.28571428%; max-width: 14.28571428%; } .wpcpro-row .wpcpro-col-xs-8 { flex: 0 0 12.5%; max-width: 12.5%; } } @media (min-width: 736px) { .wpcpro-row .wpcpro-col-md-1 { flex: 0 0 100%; max-width: 100%; } .wpcpro-row .wpcpro-col-md-2 { flex: 0 0 50%; max-width: 50%; } .wpcpro-row .wpcpro-col-md-2-5 { flex: 0 0 75%; max-width: 75%; } .wpcpro-row .wpcpro-col-md-3 { flex: 0 0 33.333%; max-width: 33.333%; } .wpcpro-row .wpcpro-col-md-4 { flex: 0 0 25%; max-width: 25%; } .wpcpro-row .wpcpro-col-md-5 { flex: 0 0 20%; max-width: 20%; } .wpcpro-row .wpcpro-col-md-6 { flex: 0 0 16.66666666666667%; max-width: 16.66666666666667%; } .wpcpro-row .wpcpro-col-md-7 { flex: 0 0 14.28571428%; max-width: 14.28571428%; } .wpcpro-row .wpcpro-col-md-8 { flex: 0 0 12.5%; max-width: 12.5%; } } @media (min-width: 980px) { .wpcpro-row .wpcpro-col-lg-1 { flex: 0 0 100%; max-width: 100%; } .wpcpro-row .wpcpro-col-lg-2 { flex: 0 0 50%; max-width: 50%; } .wpcpro-row .wpcpro-col-lg-3 { flex: 0 0 33.222%; max-width: 33.222%; } .wpcpro-row .wpcpro-col-lg-4 { flex: 0 0 25%; max-width: 25%; } .wpcpro-row .wpcpro-col-lg-5 { flex: 0 0 20%; max-width: 20%; } .wpcpro-row .wpcpro-col-lg-6 { flex: 0 0 16.6667%; max-width: 16.6667%; } .wpcpro-row .wpcpro-col-lg-7 { flex: 0 0 14.28571428%; max-width: 14.28571428%; } .wpcpro-row .wpcpro-col-lg-8 { flex: 0 0 12.5%; max-width: 12.5%; } } @media (min-width: 1200px) { .wpcpro-row .wpcpro-col-xl-1 { flex: 0 0 100%; max-width: 100%; } .wpcpro-row .wpcpro-col-xl-2 { flex: 0 0 50%; max-width: 50%; } .wpcpro-row .wpcpro-col-xl-3 { flex: 0 0 33.22222222%; max-width: 33.22222222%; } .wpcpro-row .wpcpro-col-xl-4 { flex: 0 0 25%; max-width: 25%; } .wpcpro-row .wpcpro-col-xl-5 { flex: 0 0 20%; max-width: 20%; } .wpcpro-row .wpcpro-col-xl-6 { flex: 0 0 16.66667%; max-width: 16.66667%; } .wpcpro-row .wpcpro-col-xl-7 { flex: 0 0 14.28571428%; max-width: 14.28571428%; } .wpcpro-row .wpcpro-col-xl-8 { flex: 0 0 12.5%; max-width: 12.5%; } }<\/style><div class=\"wpcp-carousel-wrapper wpcp-wrapper-329\">\n\t<div id=\"wpcp-preloader-329\" class=\"wpcp-carousel-preloader\"><img decoding=\"async\" src=\"https:\/\/fvaestudio.com\/wp-content\/plugins\/wp-carousel-free\/public\/css\/spinner.svg\" alt=\"Preloader Image\" \/><\/div>\t<div class=\"wpcp-carousel-content-wrapper\">\n\t<div id=\"sp-wp-carousel-free-id-329\" class=\"wpcp-carousel-section sp-wpcp-329  nav-vertical-center wpcp-image-carousel wpcp-preloader wpcp-standard\" data-swiper='{ &quot;accessibility&quot;:true, &quot;spaceBetween&quot;:20, &quot;arrows&quot;:false, &quot;freeMode&quot;: false, &quot;autoplay&quot;:true, &quot;effect&quot;: &quot;slide&quot;, &quot;centerMode&quot;: false, &quot;autoplaySpeed&quot;:3000, &quot;dots&quot;:true, &quot;infinite&quot;:true, &quot;speed&quot;:600, &quot;pauseOnHover&quot;:true,\n\t\t\t&quot;slidesToShow&quot;:{&quot;lg_desktop&quot;:1, &quot;desktop&quot;: 1, &quot;laptop&quot;: 1, &quot;tablet&quot;: 1, &quot;mobile&quot;: 1}, &quot;responsive&quot;:{&quot;desktop&quot;:1200, &quot;laptop&quot;: 980, &quot;tablet&quot;: 736, &quot;mobile&quot;: 480}, &quot;rtl&quot;:false, &quot;lazyLoad&quot;: &quot;false&quot;, &quot;swipe&quot;: true, &quot;draggable&quot;: true, &quot;swipeToSlide&quot;:true }' dir=\"ltr\">\n\t\t<div class=\"swiper-wrapper\">\n\t\t<div class=\"swiper-slide\">\n\t<div class=\"wpcp-single-item\">\n\t\t\t<a class=\"wcp-light-box\" data-buttons='[\"close\"]' data-wpc_url='https:\/\/fvaestudio.com\/wp-content\/uploads\/2020\/09\/ID000730001-scaled.jpg' href=\"https:\/\/fvaestudio.com\/wp-content\/uploads\/2020\/09\/ID000730001-scaled.jpg\" data-fancybox=\"wpcp_view\">\n\t\t<figure>\n\t\t\t<img loading=\"lazy\" decoding=\"async\" class=\"skip-lazy\" src=\"https:\/\/fvaestudio.com\/wp-content\/uploads\/2020\/09\/ID000730001-scaled.jpg\" alt=\"Imprimir\" width=\"2560\" height=\"1808\">\t\t<\/figure>\n\t<\/a>\n\t\t<\/div>\n<\/div>\n\t<div class=\"swiper-slide\">\n\t<div class=\"wpcp-single-item\">\n\t\t\t<a class=\"wcp-light-box\" data-buttons='[\"close\"]' data-wpc_url='https:\/\/fvaestudio.com\/wp-content\/uploads\/2020\/09\/ID000730002.jpg' href=\"https:\/\/fvaestudio.com\/wp-content\/uploads\/2020\/09\/ID000730002.jpg\" data-fancybox=\"wpcp_view\">\n\t\t<figure>\n\t\t\t<img loading=\"lazy\" decoding=\"async\" class=\"skip-lazy\" src=\"https:\/\/fvaestudio.com\/wp-content\/uploads\/2020\/09\/ID000730002.jpg\" alt=\"Imprimir\" width=\"810\" height=\"613\">\t\t<\/figure>\n\t<\/a>\n\t\t<\/div>\n<\/div>\n\t<div class=\"swiper-slide\">\n\t<div class=\"wpcp-single-item\">\n\t\t\t<a class=\"wcp-light-box\" data-buttons='[\"close\"]' data-wpc_url='https:\/\/fvaestudio.com\/wp-content\/uploads\/2020\/09\/ID000730003.jpg' href=\"https:\/\/fvaestudio.com\/wp-content\/uploads\/2020\/09\/ID000730003.jpg\" data-fancybox=\"wpcp_view\">\n\t\t<figure>\n\t\t\t<img loading=\"lazy\" decoding=\"async\" class=\"skip-lazy\" src=\"https:\/\/fvaestudio.com\/wp-content\/uploads\/2020\/09\/ID000730003.jpg\" alt=\"Imprimir\" width=\"887\" height=\"611\">\t\t<\/figure>\n\t<\/a>\n\t\t<\/div>\n<\/div>\n\t<div class=\"swiper-slide\">\n\t<div class=\"wpcp-single-item\">\n\t\t\t<a class=\"wcp-light-box\" data-buttons='[\"close\"]' data-wpc_url='https:\/\/fvaestudio.com\/wp-content\/uploads\/2020\/09\/ID000730004.jpg' href=\"https:\/\/fvaestudio.com\/wp-content\/uploads\/2020\/09\/ID000730004.jpg\" data-fancybox=\"wpcp_view\">\n\t\t<figure>\n\t\t\t<img loading=\"lazy\" decoding=\"async\" class=\"skip-lazy\" src=\"https:\/\/fvaestudio.com\/wp-content\/uploads\/2020\/09\/ID000730004.jpg\" alt=\"Imprimir\" width=\"818\" height=\"612\">\t\t<\/figure>\n\t<\/a>\n\t\t<\/div>\n<\/div>\n\t<div class=\"swiper-slide\">\n\t<div class=\"wpcp-single-item\">\n\t\t\t<a class=\"wcp-light-box\" data-buttons='[\"close\"]' data-wpc_url='https:\/\/fvaestudio.com\/wp-content\/uploads\/2020\/09\/ID000730005.jpg' href=\"https:\/\/fvaestudio.com\/wp-content\/uploads\/2020\/09\/ID000730005.jpg\" data-fancybox=\"wpcp_view\">\n\t\t<figure>\n\t\t\t<img loading=\"lazy\" decoding=\"async\" class=\"skip-lazy\" src=\"https:\/\/fvaestudio.com\/wp-content\/uploads\/2020\/09\/ID000730005.jpg\" alt=\"Imprimir\" width=\"642\" height=\"626\">\t\t<\/figure>\n\t<\/a>\n\t\t<\/div>\n<\/div>\n\t<div class=\"swiper-slide\">\n\t<div class=\"wpcp-single-item\">\n\t\t\t<a class=\"wcp-light-box\" data-buttons='[\"close\"]' data-wpc_url='https:\/\/fvaestudio.com\/wp-content\/uploads\/2020\/09\/ID000730009.jpg' href=\"https:\/\/fvaestudio.com\/wp-content\/uploads\/2020\/09\/ID000730009.jpg\" data-fancybox=\"wpcp_view\">\n\t\t<figure>\n\t\t\t<img loading=\"lazy\" decoding=\"async\" class=\"skip-lazy\" src=\"https:\/\/fvaestudio.com\/wp-content\/uploads\/2020\/09\/ID000730009.jpg\" alt=\"Imprimir\" width=\"623\" height=\"937\">\t\t<\/figure>\n\t<\/a>\n\t\t<\/div>\n<\/div>\n\t<div class=\"swiper-slide\">\n\t<div class=\"wpcp-single-item\">\n\t\t\t<a class=\"wcp-light-box\" data-buttons='[\"close\"]' data-wpc_url='https:\/\/fvaestudio.com\/wp-content\/uploads\/2020\/09\/ID000730010-scaled.jpg' href=\"https:\/\/fvaestudio.com\/wp-content\/uploads\/2020\/09\/ID000730010-scaled.jpg\" data-fancybox=\"wpcp_view\">\n\t\t<figure>\n\t\t\t<img loading=\"lazy\" decoding=\"async\" class=\"skip-lazy\" src=\"https:\/\/fvaestudio.com\/wp-content\/uploads\/2020\/09\/ID000730010-scaled.jpg\" alt=\"Imprimir\" width=\"2560\" height=\"1482\">\t\t<\/figure>\n\t<\/a>\n\t\t<\/div>\n<\/div>\n\t<div class=\"swiper-slide\">\n\t<div class=\"wpcp-single-item\">\n\t\t\t<a class=\"wcp-light-box\" data-buttons='[\"close\"]' data-wpc_url='https:\/\/fvaestudio.com\/wp-content\/uploads\/2020\/09\/WhatsApp-Image-2020-09-06-at-12.33.27.jpeg' href=\"https:\/\/fvaestudio.com\/wp-content\/uploads\/2020\/09\/WhatsApp-Image-2020-09-06-at-12.33.27.jpeg\" data-fancybox=\"wpcp_view\">\n\t\t<figure>\n\t\t\t<img loading=\"lazy\" decoding=\"async\" class=\"skip-lazy\" src=\"https:\/\/fvaestudio.com\/wp-content\/uploads\/2020\/09\/WhatsApp-Image-2020-09-06-at-12.33.27.jpeg\" alt=\"WhatsApp Image 2020-09-06 at 12.33.27\" width=\"774\" height=\"844\">\t\t<\/figure>\n\t<\/a>\n\t\t<\/div>\n<\/div>\n\t\t\t<\/div>\n\t\t\t\t\t<div class=\"wpcp-swiper-dots swiper-pagination\"><\/div>\n\t\t\t\t<!-- If we need navigation buttons -->\n\t\t\t<\/div>\n\t<\/div>\n<\/div>\n\n\n\n\n<p>SEGUNDO PREMIO<\/p>\n\n\n\n<p>Realizado con el equipo de trabajo que conformamos junto a los arquitectos Parra Candela y Barbeito Emiliano (BPV).<\/p>\n\n\n\n<p>A\u00f1o: 2017<br><br>La modalidad de este Concurso Internacional es desarrollar en menos de 24hs un tema dado sin previo aviso, en relaci\u00f3n a la Arquitectura. En este caso consisti\u00f3 en desarrollar un Master Plan Ut\u00f3pico de la ciudad del futuro. <br>OVERLINKED (sobreconectados) fue nuestra propuesta con la cual obtivimos el Segundo Premio entre trabajos de todo el mundo.<\/p>\n\n\n\n<p>En el siguiente enlace se pueden ver el resto de las propuestas ganadoras y la critica del jurado sobre el trabajo:<br><a href=\"https:\/\/www.if-ideasforward.com\/cts\">https:\/\/www.if-ideasforward.com\/cts<\/a><\/p>\n","protected":false},"excerpt":{"rendered":"<p>SEGUNDO PREMIO Realizado con el equipo de trabajo que conformamos junto a los arquitectos Parra Candela y Barbeito Emiliano (BPV). A\u00f1o: 2017 La modalidad de este Concurso Internacional es desarrollar en menos de 24hs un tema dado sin previo aviso, en relaci\u00f3n a la Arquitectura. En este caso consisti\u00f3 en desarrollar un Master Plan Ut\u00f3pico [&hellip;]<\/p>\n","protected":false},"author":1,"featured_media":0,"parent":0,"menu_order":0,"comment_status":"closed","ping_status":"closed","template":"","meta":{"footnotes":""},"class_list":["post-338","page","type-page","status-publish","hentry"],"_links":{"self":[{"href":"https:\/\/fvaestudio.com\/index.php?rest_route=\/wp\/v2\/pages\/338","targetHints":{"allow":["GET"]}}],"collection":[{"href":"https:\/\/fvaestudio.com\/index.php?rest_route=\/wp\/v2\/pages"}],"about":[{"href":"https:\/\/fvaestudio.com\/index.php?rest_route=\/wp\/v2\/types\/page"}],"author":[{"embeddable":true,"href":"https:\/\/fvaestudio.com\/index.php?rest_route=\/wp\/v2\/users\/1"}],"replies":[{"embeddable":true,"href":"https:\/\/fvaestudio.com\/index.php?rest_route=%2Fwp%2Fv2%2Fcomments&post=338"}],"version-history":[{"count":3,"href":"https:\/\/fvaestudio.com\/index.php?rest_route=\/wp\/v2\/pages\/338\/revisions"}],"predecessor-version":[{"id":349,"href":"https:\/\/fvaestudio.com\/index.php?rest_route=\/wp\/v2\/pages\/338\/revisions\/349"}],"wp:attachment":[{"href":"https:\/\/fvaestudio.com\/index.php?rest_route=%2Fwp%2Fv2%2Fmedia&parent=338"}],"curies":[{"name":"wp","href":"https:\/\/api.w.org\/{rel}","templated":true}]}}