{"id":700,"date":"2023-09-22T01:55:55","date_gmt":"2023-09-22T01:55:55","guid":{"rendered":"https:\/\/fvaestudio.com\/?page_id=700"},"modified":"2023-09-22T01:55:56","modified_gmt":"2023-09-22T01:55:56","slug":"casa-lupi","status":"publish","type":"page","link":"https:\/\/fvaestudio.com\/?page_id=700","title":{"rendered":"Casa LuPi"},"content":{"rendered":"\n<style id=\"wp_carousel_dynamic_css693\">#sp-wp-carousel-free-id-693 .wpcp-swiper-dots {margin: 40px 0px 0px 0px;}.wpcp-wrapper-693 .swiper-wrapper .swiper-slide-kenburn, .wpcp-wrapper-693 .swiper-wrapper, .wpcp-wrapper-693 .wpcpro-row{align-items: center;}#sp-wp-carousel-free-id-693 .wpcp-single-item {box-shadow: 0px 0px 0px 0px #dddddd;transition: all .3s;margin: 0px;}#sp-wp-carousel-free-id-693.swiper-flip .wpcp-single-item{margin: 0!important;}#sp-wp-carousel-free-id-693 .wpcp-single-item:hover {box-shadow: 0px 0px 0px 0px #dddddd;}#sp-wp-carousel-free-id-693.sp-wpcp-693 .wpcp-single-item {border: 1px solid #dddddd;}#sp-wp-carousel-free-id-693.sp-wpcp-693 .swiper-button-prev,#sp-wp-carousel-free-id-693.sp-wpcp-693 .swiper-button-next,#sp-wp-carousel-free-id-693.sp-wpcp-693 .swiper-button-prev:hover,#sp-wp-carousel-free-id-693.sp-wpcp-693 .swiper-button-next:hover {background: none;border: none;font-size: 30px;}#sp-wp-carousel-free-id-693.sp-wpcp-693 .swiper-button-prev i,#sp-wp-carousel-free-id-693.sp-wpcp-693 .swiper-button-next i {color: #aaa;}#sp-wp-carousel-free-id-693.sp-wpcp-693 .swiper-button-prev i:hover,#sp-wp-carousel-free-id-693.sp-wpcp-693 .swiper-button-next i:hover {color: #52b3d9;}#sp-wp-carousel-free-id-693.sp-wpcp-693 .wpcp-swiper-dots .swiper-pagination-bullet {background-color: #cccccc;}#sp-wp-carousel-free-id-693.sp-wpcp-693 .wpcp-swiper-dots .swiper-pagination-bullet.swiper-pagination-bullet-active {background-color: #52b3d9;} #sp-wp-carousel-free-id-693.sp-wpcp-693.wpcp-image-carousel .wpcp-single-item:hover img, #sp-wp-carousel-free-id-693.sp-wpcp-693.wpcp-post-carousel .wpcp-single-item:hover img, #sp-wp-carousel-free-id-693.sp-wpcp-693.wpcp-product-carousel .wpcp-single-item:hover img{-webkit-transform: scale(1.2);-moz-transform: scale(1.2);transform: scale(1.2);}#sp-wp-carousel-free-id-693 .wpcpro-row>[class*=\"wpcpro-col-\"] { padding: 0 10px; padding-bottom: 20px;} #sp-wp-carousel-free-id-693 .swiper-slide .single-item-fade:not(:last-child) { margin-right: 20px;}@media (min-width: 480px) { .wpcpro-row .wpcpro-col-sm-1 { flex: 0 0 100%; max-width: 100%; } .wpcpro-row .wpcpro-col-sm-2 { flex: 0 0 50%; max-width: 50%; } .wpcpro-row .wpcpro-col-sm-2-5 { flex: 0 0 75%; max-width: 75%; } .wpcpro-row .wpcpro-col-sm-3 { flex: 0 0 33.333%; max-width: 33.333%; } .wpcpro-row .wpcpro-col-sm-4 { flex: 0 0 25%; max-width: 25%; } .wpcpro-row .wpcpro-col-sm-5 { flex: 0 0 20%; max-width: 20%; } .wpcpro-row .wpcpro-col-sm-6 { flex: 0 0 16.66666666666667%; max-width: 16.66666666666667%; } .wpcpro-row .wpcpro-col-sm-7 { flex: 0 0 14.28571428%; max-width: 14.28571428%; } .wpcpro-row .wpcpro-col-sm-8 { flex: 0 0 12.5%; max-width: 12.5%; } } @media (max-width: 480px) { .wpcpro-row .wpcpro-col-xs-1 { flex: 0 0 100%; max-width: 100%; } .wpcpro-row .wpcpro-col-xs-2 { flex: 0 0 50%; max-width: 50%; } .wpcpro-row .wpcpro-col-xs-3 { flex: 0 0 33.222%; max-width: 33.222%; } .wpcpro-row .wpcpro-col-xs-4 { flex: 0 0 25%; max-width: 25%; } .wpcpro-row .wpcpro-col-xs-5 { flex: 0 0 20%; max-width: 20%; } .wpcpro-row .wpcpro-col-xs-6 { flex: 0 0 16.6667%; max-width: 16.6667%; } .wpcpro-row .wpcpro-col-xs-7 { flex: 0 0 14.28571428%; max-width: 14.28571428%; } .wpcpro-row .wpcpro-col-xs-8 { flex: 0 0 12.5%; max-width: 12.5%; } } @media (min-width: 736px) { .wpcpro-row .wpcpro-col-md-1 { flex: 0 0 100%; max-width: 100%; } .wpcpro-row .wpcpro-col-md-2 { flex: 0 0 50%; max-width: 50%; } .wpcpro-row .wpcpro-col-md-2-5 { flex: 0 0 75%; max-width: 75%; } .wpcpro-row .wpcpro-col-md-3 { flex: 0 0 33.333%; max-width: 33.333%; } .wpcpro-row .wpcpro-col-md-4 { flex: 0 0 25%; max-width: 25%; } .wpcpro-row .wpcpro-col-md-5 { flex: 0 0 20%; max-width: 20%; } .wpcpro-row .wpcpro-col-md-6 { flex: 0 0 16.66666666666667%; max-width: 16.66666666666667%; } .wpcpro-row .wpcpro-col-md-7 { flex: 0 0 14.28571428%; max-width: 14.28571428%; } .wpcpro-row .wpcpro-col-md-8 { flex: 0 0 12.5%; max-width: 12.5%; } } @media (min-width: 980px) { .wpcpro-row .wpcpro-col-lg-1 { flex: 0 0 100%; max-width: 100%; } .wpcpro-row .wpcpro-col-lg-2 { flex: 0 0 50%; max-width: 50%; } .wpcpro-row .wpcpro-col-lg-3 { flex: 0 0 33.222%; max-width: 33.222%; } .wpcpro-row .wpcpro-col-lg-4 { flex: 0 0 25%; max-width: 25%; } .wpcpro-row .wpcpro-col-lg-5 { flex: 0 0 20%; max-width: 20%; } .wpcpro-row .wpcpro-col-lg-6 { flex: 0 0 16.6667%; max-width: 16.6667%; } .wpcpro-row .wpcpro-col-lg-7 { flex: 0 0 14.28571428%; max-width: 14.28571428%; } .wpcpro-row .wpcpro-col-lg-8 { flex: 0 0 12.5%; max-width: 12.5%; } } @media (min-width: 1200px) { .wpcpro-row .wpcpro-col-xl-1 { flex: 0 0 100%; max-width: 100%; } .wpcpro-row .wpcpro-col-xl-2 { flex: 0 0 50%; max-width: 50%; } .wpcpro-row .wpcpro-col-xl-3 { flex: 0 0 33.22222222%; max-width: 33.22222222%; } .wpcpro-row .wpcpro-col-xl-4 { flex: 0 0 25%; max-width: 25%; } .wpcpro-row .wpcpro-col-xl-5 { flex: 0 0 20%; max-width: 20%; } .wpcpro-row .wpcpro-col-xl-6 { flex: 0 0 16.66667%; max-width: 16.66667%; } .wpcpro-row .wpcpro-col-xl-7 { flex: 0 0 14.28571428%; max-width: 14.28571428%; } .wpcpro-row .wpcpro-col-xl-8 { flex: 0 0 12.5%; max-width: 12.5%; } }<\/style><div class=\"wpcp-carousel-wrapper wpcp-wrapper-693\">\n\t<div id=\"wpcp-preloader-693\" class=\"wpcp-carousel-preloader\"><img decoding=\"async\" src=\"https:\/\/fvaestudio.com\/wp-content\/plugins\/wp-carousel-free\/public\/css\/spinner.svg\" alt=\"Preloader Image\" \/><\/div>\t<div class=\"wpcp-carousel-content-wrapper\">\n\t<div id=\"sp-wp-carousel-free-id-693\" class=\"wpcp-carousel-section sp-wpcp-693  nav-vertical-center wpcp-image-carousel wpcp-preloader wpcp-standard\" data-swiper='{ &quot;accessibility&quot;:true, &quot;spaceBetween&quot;:20, &quot;arrows&quot;:false, &quot;freeMode&quot;: false, &quot;autoplay&quot;:true, &quot;effect&quot;: &quot;slide&quot;, &quot;centerMode&quot;: false, &quot;autoplaySpeed&quot;:3000, &quot;dots&quot;:true, &quot;infinite&quot;:true, &quot;speed&quot;:600, &quot;pauseOnHover&quot;:true,\n\t\t\t&quot;slidesToShow&quot;:{&quot;lg_desktop&quot;:1, &quot;desktop&quot;: 1, &quot;laptop&quot;: 1, &quot;tablet&quot;: 1, &quot;mobile&quot;: 1}, &quot;responsive&quot;:{&quot;desktop&quot;:1200, &quot;laptop&quot;: 980, &quot;tablet&quot;: 736, &quot;mobile&quot;: 480}, &quot;rtl&quot;:false, &quot;lazyLoad&quot;: &quot;false&quot;, &quot;swipe&quot;: true, &quot;draggable&quot;: true, &quot;swipeToSlide&quot;:true }' dir=\"ltr\">\n\t\t<div class=\"swiper-wrapper\">\n\t\t<div class=\"swiper-slide\">\n\t<div class=\"wpcp-single-item\">\n\t\t\t<a class=\"wcp-light-box\" data-buttons='[\"close\"]' data-wpc_url='https:\/\/fvaestudio.com\/wp-content\/uploads\/2023\/09\/04-CORTE-FUGADO_Mesa-de-trabajo-1-scaled.jpg' href=\"https:\/\/fvaestudio.com\/wp-content\/uploads\/2023\/09\/04-CORTE-FUGADO_Mesa-de-trabajo-1-scaled.jpg\" data-fancybox=\"wpcp_view\">\n\t\t<figure>\n\t\t\t<img loading=\"lazy\" decoding=\"async\" class=\"skip-lazy\" src=\"https:\/\/fvaestudio.com\/wp-content\/uploads\/2023\/09\/04-CORTE-FUGADO_Mesa-de-trabajo-1-scaled.jpg\" alt=\"04 CORTE FUGADO_Mesa de trabajo 1\" width=\"2560\" height=\"2560\">\t\t<\/figure>\n\t<\/a>\n\t\t<\/div>\n<\/div>\n\t<div class=\"swiper-slide\">\n\t<div class=\"wpcp-single-item\">\n\t\t\t<a class=\"wcp-light-box\" data-buttons='[\"close\"]' data-wpc_url='https:\/\/fvaestudio.com\/wp-content\/uploads\/2023\/09\/03-AXONOMETRICA_Mesa-de-trabajo-1-scaled.jpg' href=\"https:\/\/fvaestudio.com\/wp-content\/uploads\/2023\/09\/03-AXONOMETRICA_Mesa-de-trabajo-1-scaled.jpg\" data-fancybox=\"wpcp_view\">\n\t\t<figure>\n\t\t\t<img loading=\"lazy\" decoding=\"async\" class=\"skip-lazy\" src=\"https:\/\/fvaestudio.com\/wp-content\/uploads\/2023\/09\/03-AXONOMETRICA_Mesa-de-trabajo-1-scaled.jpg\" alt=\"03 AXONOMETRICA_Mesa de trabajo 1\" width=\"2560\" height=\"2560\">\t\t<\/figure>\n\t<\/a>\n\t\t<\/div>\n<\/div>\n\t<div class=\"swiper-slide\">\n\t<div class=\"wpcp-single-item\">\n\t\t\t<a class=\"wcp-light-box\" data-buttons='[\"close\"]' data-wpc_url='https:\/\/fvaestudio.com\/wp-content\/uploads\/2023\/09\/01-PLANTA-BAJA-scaled.jpg' href=\"https:\/\/fvaestudio.com\/wp-content\/uploads\/2023\/09\/01-PLANTA-BAJA-scaled.jpg\" data-fancybox=\"wpcp_view\">\n\t\t<figure>\n\t\t\t<img loading=\"lazy\" decoding=\"async\" class=\"skip-lazy\" src=\"https:\/\/fvaestudio.com\/wp-content\/uploads\/2023\/09\/01-PLANTA-BAJA-scaled.jpg\" alt=\"01 PLANTA BAJA\" width=\"2560\" height=\"2560\">\t\t<\/figure>\n\t<\/a>\n\t\t<\/div>\n<\/div>\n\t<div class=\"swiper-slide\">\n\t<div class=\"wpcp-single-item\">\n\t\t\t<a class=\"wcp-light-box\" data-buttons='[\"close\"]' data-wpc_url='https:\/\/fvaestudio.com\/wp-content\/uploads\/2023\/09\/02-PLANTA-ALTA-scaled.jpg' href=\"https:\/\/fvaestudio.com\/wp-content\/uploads\/2023\/09\/02-PLANTA-ALTA-scaled.jpg\" data-fancybox=\"wpcp_view\">\n\t\t<figure>\n\t\t\t<img loading=\"lazy\" decoding=\"async\" class=\"skip-lazy\" src=\"https:\/\/fvaestudio.com\/wp-content\/uploads\/2023\/09\/02-PLANTA-ALTA-scaled.jpg\" alt=\"02 PLANTA ALTA\" width=\"2560\" height=\"2560\">\t\t<\/figure>\n\t<\/a>\n\t\t<\/div>\n<\/div>\n\t<div class=\"swiper-slide\">\n\t<div class=\"wpcp-single-item\">\n\t\t\t<a class=\"wcp-light-box\" data-buttons='[\"close\"]' data-wpc_url='https:\/\/fvaestudio.com\/wp-content\/uploads\/2023\/09\/05-RENDER-1_Mesa-de-trabajo-1-scaled.jpg' href=\"https:\/\/fvaestudio.com\/wp-content\/uploads\/2023\/09\/05-RENDER-1_Mesa-de-trabajo-1-scaled.jpg\" data-fancybox=\"wpcp_view\">\n\t\t<figure>\n\t\t\t<img loading=\"lazy\" decoding=\"async\" class=\"skip-lazy\" src=\"https:\/\/fvaestudio.com\/wp-content\/uploads\/2023\/09\/05-RENDER-1_Mesa-de-trabajo-1-scaled.jpg\" alt=\"05 RENDER 1_Mesa de trabajo 1\" width=\"2560\" height=\"1312\">\t\t<\/figure>\n\t<\/a>\n\t\t<\/div>\n<\/div>\n\t<div class=\"swiper-slide\">\n\t<div class=\"wpcp-single-item\">\n\t\t\t<a class=\"wcp-light-box\" data-buttons='[\"close\"]' data-wpc_url='https:\/\/fvaestudio.com\/wp-content\/uploads\/2023\/09\/06-RENDER-2_Mesa-de-trabajo-1-scaled.jpg' href=\"https:\/\/fvaestudio.com\/wp-content\/uploads\/2023\/09\/06-RENDER-2_Mesa-de-trabajo-1-scaled.jpg\" data-fancybox=\"wpcp_view\">\n\t\t<figure>\n\t\t\t<img loading=\"lazy\" decoding=\"async\" class=\"skip-lazy\" src=\"https:\/\/fvaestudio.com\/wp-content\/uploads\/2023\/09\/06-RENDER-2_Mesa-de-trabajo-1-scaled.jpg\" alt=\"06 RENDER 2_Mesa de trabajo 1\" width=\"2560\" height=\"1283\">\t\t<\/figure>\n\t<\/a>\n\t\t<\/div>\n<\/div>\n\t\t\t<\/div>\n\t\t\t\t\t<div class=\"wpcp-swiper-dots swiper-pagination\"><\/div>\n\t\t\t\t<!-- If we need navigation buttons -->\n\t\t\t<\/div>\n\t<\/div>\n<\/div>\n\n\n\n\n<p>Casa LuPi<br>Superficie: 280m2<br>A\u00f1o: 2023<\/p>\n\n\n\n<p>Casa LuPi es una vivienda unifamiliar. En una Planta Baja introvertida se ubica el sector social en permanente relaci\u00f3n con la galer\u00eda y la pileta, tambi\u00e9n incorpora una habitaci\u00f3n de hu\u00e9spedes. En Planta Alta se ubica el sector privado de dormitorios, un estudio y una terraza para contemplar visuales a la sierra. La relaci\u00f3n con la vegetaci\u00f3n serrana en todos los espacios de la misma es permanente.<br>Equipo de trabajo:<br>Arq. Julieta Serena <a href=\"https:\/\/www.instagram.com\/julietaserena\/\">@julietaserena<\/a> + Arq. Rocio Suarez<a href=\"https:\/\/www.instagram.com\/rociomsuarez\/\">@rociomsuarez<\/a><br>Im\u00e1genes y colaboraci\u00f3n:\u00a0Lucas Martinez <a href=\"https:\/\/www.instagram.com\/lucasmrtnza\/\">@lucasmrtnza<\/a><\/p>\n","protected":false},"excerpt":{"rendered":"<p>Casa LuPiSuperficie: 280m2A\u00f1o: 2023 Casa LuPi es una vivienda unifamiliar. En una Planta Baja introvertida se ubica el sector social en permanente relaci\u00f3n con la galer\u00eda y la pileta, tambi\u00e9n incorpora una habitaci\u00f3n de hu\u00e9spedes. En Planta Alta se ubica el sector privado de dormitorios, un estudio y una terraza para contemplar visuales a la [&hellip;]<\/p>\n","protected":false},"author":1,"featured_media":0,"parent":0,"menu_order":0,"comment_status":"closed","ping_status":"closed","template":"","meta":{"footnotes":""},"class_list":["post-700","page","type-page","status-publish","hentry"],"_links":{"self":[{"href":"https:\/\/fvaestudio.com\/index.php?rest_route=\/wp\/v2\/pages\/700","targetHints":{"allow":["GET"]}}],"collection":[{"href":"https:\/\/fvaestudio.com\/index.php?rest_route=\/wp\/v2\/pages"}],"about":[{"href":"https:\/\/fvaestudio.com\/index.php?rest_route=\/wp\/v2\/types\/page"}],"author":[{"embeddable":true,"href":"https:\/\/fvaestudio.com\/index.php?rest_route=\/wp\/v2\/users\/1"}],"replies":[{"embeddable":true,"href":"https:\/\/fvaestudio.com\/index.php?rest_route=%2Fwp%2Fv2%2Fcomments&post=700"}],"version-history":[{"count":1,"href":"https:\/\/fvaestudio.com\/index.php?rest_route=\/wp\/v2\/pages\/700\/revisions"}],"predecessor-version":[{"id":701,"href":"https:\/\/fvaestudio.com\/index.php?rest_route=\/wp\/v2\/pages\/700\/revisions\/701"}],"wp:attachment":[{"href":"https:\/\/fvaestudio.com\/index.php?rest_route=%2Fwp%2Fv2%2Fmedia&parent=700"}],"curies":[{"name":"wp","href":"https:\/\/api.w.org\/{rel}","templated":true}]}}