{"id":795,"date":"2024-05-20T22:47:04","date_gmt":"2024-05-20T22:47:04","guid":{"rendered":"https:\/\/fvaestudio.com\/?page_id=795"},"modified":"2024-05-20T22:47:04","modified_gmt":"2024-05-20T22:47:04","slug":"nacional-arquitectura-modular-eficiente-y-sostenible-habika","status":"publish","type":"page","link":"https:\/\/fvaestudio.com\/?page_id=795","title":{"rendered":"Nacional Arquitectura Modular, Eficiente y Sostenible Habika."},"content":{"rendered":"\n<style id=\"wp_carousel_dynamic_css771\">#sp-wp-carousel-free-id-771 .wpcp-swiper-dots {margin: 40px 0px 0px 0px;}.wpcp-wrapper-771 .swiper-wrapper .swiper-slide-kenburn, .wpcp-wrapper-771 .swiper-wrapper, .wpcp-wrapper-771 .wpcpro-row{align-items: center;}#sp-wp-carousel-free-id-771 .wpcp-single-item {box-shadow: 0px 0px 0px 0px #dddddd;transition: all .3s;margin: 0px;}#sp-wp-carousel-free-id-771.swiper-flip .wpcp-single-item{margin: 0!important;}#sp-wp-carousel-free-id-771 .wpcp-single-item:hover {box-shadow: 0px 0px 0px 0px #dddddd;}#sp-wp-carousel-free-id-771.sp-wpcp-771 .wpcp-single-item {border: 1px solid #dddddd;}#sp-wp-carousel-free-id-771.sp-wpcp-771 .swiper-button-prev,#sp-wp-carousel-free-id-771.sp-wpcp-771 .swiper-button-next,#sp-wp-carousel-free-id-771.sp-wpcp-771 .swiper-button-prev:hover,#sp-wp-carousel-free-id-771.sp-wpcp-771 .swiper-button-next:hover {background: none;border: none;font-size: 30px;}#sp-wp-carousel-free-id-771.sp-wpcp-771 .swiper-button-prev i,#sp-wp-carousel-free-id-771.sp-wpcp-771 .swiper-button-next i {color: #aaa;}#sp-wp-carousel-free-id-771.sp-wpcp-771 .swiper-button-prev i:hover,#sp-wp-carousel-free-id-771.sp-wpcp-771 .swiper-button-next i:hover {color: #52b3d9;}#sp-wp-carousel-free-id-771.sp-wpcp-771 .wpcp-swiper-dots .swiper-pagination-bullet {background-color: #cccccc;}#sp-wp-carousel-free-id-771.sp-wpcp-771 .wpcp-swiper-dots .swiper-pagination-bullet.swiper-pagination-bullet-active {background-color: #52b3d9;} #sp-wp-carousel-free-id-771.sp-wpcp-771.wpcp-image-carousel .wpcp-single-item:hover img, #sp-wp-carousel-free-id-771.sp-wpcp-771.wpcp-post-carousel .wpcp-single-item:hover img, #sp-wp-carousel-free-id-771.sp-wpcp-771.wpcp-product-carousel .wpcp-single-item:hover img{-webkit-transform: scale(1.2);-moz-transform: scale(1.2);transform: scale(1.2);}#sp-wp-carousel-free-id-771 .wpcpro-row>[class*=\"wpcpro-col-\"] { padding: 0 10px; padding-bottom: 20px;} #sp-wp-carousel-free-id-771 .swiper-slide .single-item-fade:not(:last-child) { margin-right: 20px;}@media (min-width: 480px) { .wpcpro-row .wpcpro-col-sm-1 { flex: 0 0 100%; max-width: 100%; } .wpcpro-row .wpcpro-col-sm-2 { flex: 0 0 50%; max-width: 50%; } .wpcpro-row .wpcpro-col-sm-2-5 { flex: 0 0 75%; max-width: 75%; } .wpcpro-row .wpcpro-col-sm-3 { flex: 0 0 33.333%; max-width: 33.333%; } .wpcpro-row .wpcpro-col-sm-4 { flex: 0 0 25%; max-width: 25%; } .wpcpro-row .wpcpro-col-sm-5 { flex: 0 0 20%; max-width: 20%; } .wpcpro-row .wpcpro-col-sm-6 { flex: 0 0 16.66666666666667%; max-width: 16.66666666666667%; } .wpcpro-row .wpcpro-col-sm-7 { flex: 0 0 14.28571428%; max-width: 14.28571428%; } .wpcpro-row .wpcpro-col-sm-8 { flex: 0 0 12.5%; max-width: 12.5%; } } @media (max-width: 480px) { .wpcpro-row .wpcpro-col-xs-1 { flex: 0 0 100%; max-width: 100%; } .wpcpro-row .wpcpro-col-xs-2 { flex: 0 0 50%; max-width: 50%; } .wpcpro-row .wpcpro-col-xs-3 { flex: 0 0 33.222%; max-width: 33.222%; } .wpcpro-row .wpcpro-col-xs-4 { flex: 0 0 25%; max-width: 25%; } .wpcpro-row .wpcpro-col-xs-5 { flex: 0 0 20%; max-width: 20%; } .wpcpro-row .wpcpro-col-xs-6 { flex: 0 0 16.6667%; max-width: 16.6667%; } .wpcpro-row .wpcpro-col-xs-7 { flex: 0 0 14.28571428%; max-width: 14.28571428%; } .wpcpro-row .wpcpro-col-xs-8 { flex: 0 0 12.5%; max-width: 12.5%; } } @media (min-width: 736px) { .wpcpro-row .wpcpro-col-md-1 { flex: 0 0 100%; max-width: 100%; } .wpcpro-row .wpcpro-col-md-2 { flex: 0 0 50%; max-width: 50%; } .wpcpro-row .wpcpro-col-md-2-5 { flex: 0 0 75%; max-width: 75%; } .wpcpro-row .wpcpro-col-md-3 { flex: 0 0 33.333%; max-width: 33.333%; } .wpcpro-row .wpcpro-col-md-4 { flex: 0 0 25%; max-width: 25%; } .wpcpro-row .wpcpro-col-md-5 { flex: 0 0 20%; max-width: 20%; } .wpcpro-row .wpcpro-col-md-6 { flex: 0 0 16.66666666666667%; max-width: 16.66666666666667%; } .wpcpro-row .wpcpro-col-md-7 { flex: 0 0 14.28571428%; max-width: 14.28571428%; } .wpcpro-row .wpcpro-col-md-8 { flex: 0 0 12.5%; max-width: 12.5%; } } @media (min-width: 980px) { .wpcpro-row .wpcpro-col-lg-1 { flex: 0 0 100%; max-width: 100%; } .wpcpro-row .wpcpro-col-lg-2 { flex: 0 0 50%; max-width: 50%; } .wpcpro-row .wpcpro-col-lg-3 { flex: 0 0 33.222%; max-width: 33.222%; } .wpcpro-row .wpcpro-col-lg-4 { flex: 0 0 25%; max-width: 25%; } .wpcpro-row .wpcpro-col-lg-5 { flex: 0 0 20%; max-width: 20%; } .wpcpro-row .wpcpro-col-lg-6 { flex: 0 0 16.6667%; max-width: 16.6667%; } .wpcpro-row .wpcpro-col-lg-7 { flex: 0 0 14.28571428%; max-width: 14.28571428%; } .wpcpro-row .wpcpro-col-lg-8 { flex: 0 0 12.5%; max-width: 12.5%; } } @media (min-width: 1200px) { .wpcpro-row .wpcpro-col-xl-1 { flex: 0 0 100%; max-width: 100%; } .wpcpro-row .wpcpro-col-xl-2 { flex: 0 0 50%; max-width: 50%; } .wpcpro-row .wpcpro-col-xl-3 { flex: 0 0 33.22222222%; max-width: 33.22222222%; } .wpcpro-row .wpcpro-col-xl-4 { flex: 0 0 25%; max-width: 25%; } .wpcpro-row .wpcpro-col-xl-5 { flex: 0 0 20%; max-width: 20%; } .wpcpro-row .wpcpro-col-xl-6 { flex: 0 0 16.66667%; max-width: 16.66667%; } .wpcpro-row .wpcpro-col-xl-7 { flex: 0 0 14.28571428%; max-width: 14.28571428%; } .wpcpro-row .wpcpro-col-xl-8 { flex: 0 0 12.5%; max-width: 12.5%; } }<\/style><div class=\"wpcp-carousel-wrapper wpcp-wrapper-771\">\n\t<div id=\"wpcp-preloader-771\" class=\"wpcp-carousel-preloader\"><img decoding=\"async\" src=\"https:\/\/fvaestudio.com\/wp-content\/plugins\/wp-carousel-free\/public\/css\/spinner.svg\" alt=\"Preloader Image\" \/><\/div>\t<div class=\"wpcp-carousel-content-wrapper\">\n\t<div id=\"sp-wp-carousel-free-id-771\" class=\"wpcp-carousel-section sp-wpcp-771  nav-vertical-center wpcp-image-carousel wpcp-preloader wpcp-standard\" data-swiper='{ &quot;accessibility&quot;:true, &quot;spaceBetween&quot;:20, &quot;arrows&quot;:false, &quot;freeMode&quot;: false, &quot;autoplay&quot;:true, &quot;effect&quot;: &quot;slide&quot;, &quot;centerMode&quot;: false, &quot;autoplaySpeed&quot;:3000, &quot;dots&quot;:true, &quot;infinite&quot;:true, &quot;speed&quot;:600, &quot;pauseOnHover&quot;:true,\n\t\t\t&quot;slidesToShow&quot;:{&quot;lg_desktop&quot;:1, &quot;desktop&quot;: 1, &quot;laptop&quot;: 1, &quot;tablet&quot;: 1, &quot;mobile&quot;: 1}, &quot;responsive&quot;:{&quot;desktop&quot;:1200, &quot;laptop&quot;: 980, &quot;tablet&quot;: 736, &quot;mobile&quot;: 480}, &quot;rtl&quot;:false, &quot;lazyLoad&quot;: &quot;false&quot;, &quot;swipe&quot;: true, &quot;draggable&quot;: true, &quot;swipeToSlide&quot;:true }' dir=\"ltr\">\n\t\t<div class=\"swiper-wrapper\">\n\t\t<div class=\"swiper-slide\">\n\t<div class=\"wpcp-single-item\">\n\t\t\t<a class=\"wcp-light-box\" data-buttons='[\"close\"]' data-wpc_url='https:\/\/fvaestudio.com\/wp-content\/uploads\/2024\/05\/HABIKAP_Cuadro1_002-scaled.jpg' href=\"https:\/\/fvaestudio.com\/wp-content\/uploads\/2024\/05\/HABIKAP_Cuadro1_002-scaled.jpg\" data-fancybox=\"wpcp_view\">\n\t\t<figure>\n\t\t\t<img loading=\"lazy\" decoding=\"async\" class=\"skip-lazy\" src=\"https:\/\/fvaestudio.com\/wp-content\/uploads\/2024\/05\/HABIKAP_Cuadro1_002-scaled.jpg\" alt=\"HABIKAP_Cuadro1_002\" width=\"2560\" height=\"2560\">\t\t<\/figure>\n\t<\/a>\n\t\t<\/div>\n<\/div>\n\t<div class=\"swiper-slide\">\n\t<div class=\"wpcp-single-item\">\n\t\t\t<a class=\"wcp-light-box\" data-buttons='[\"close\"]' data-wpc_url='https:\/\/fvaestudio.com\/wp-content\/uploads\/2024\/05\/HABIKAP_Cuadro1_002\u00b4-scaled.jpg' href=\"https:\/\/fvaestudio.com\/wp-content\/uploads\/2024\/05\/HABIKAP_Cuadro1_002\u00b4-scaled.jpg\" data-fancybox=\"wpcp_view\">\n\t\t<figure>\n\t\t\t<img loading=\"lazy\" decoding=\"async\" class=\"skip-lazy\" src=\"https:\/\/fvaestudio.com\/wp-content\/uploads\/2024\/05\/HABIKAP_Cuadro1_002\u00b4-scaled.jpg\" alt=\"HABIKAP_Cuadro1_002\u00b4\" width=\"2560\" height=\"2560\">\t\t<\/figure>\n\t<\/a>\n\t\t<\/div>\n<\/div>\n\t<div class=\"swiper-slide\">\n\t<div class=\"wpcp-single-item\">\n\t\t\t<a class=\"wcp-light-box\" data-buttons='[\"close\"]' data-wpc_url='https:\/\/fvaestudio.com\/wp-content\/uploads\/2024\/05\/HABIKAP_Cuadro1_003-scaled.jpg' href=\"https:\/\/fvaestudio.com\/wp-content\/uploads\/2024\/05\/HABIKAP_Cuadro1_003-scaled.jpg\" data-fancybox=\"wpcp_view\">\n\t\t<figure>\n\t\t\t<img loading=\"lazy\" decoding=\"async\" class=\"skip-lazy\" src=\"https:\/\/fvaestudio.com\/wp-content\/uploads\/2024\/05\/HABIKAP_Cuadro1_003-scaled.jpg\" alt=\"HABIKAP_Cuadro1_003\" width=\"2560\" height=\"2560\">\t\t<\/figure>\n\t<\/a>\n\t\t<\/div>\n<\/div>\n\t<div class=\"swiper-slide\">\n\t<div class=\"wpcp-single-item\">\n\t\t\t<a class=\"wcp-light-box\" data-buttons='[\"close\"]' data-wpc_url='https:\/\/fvaestudio.com\/wp-content\/uploads\/2024\/05\/HABIKAP_Cuadro1_004-scaled.jpg' href=\"https:\/\/fvaestudio.com\/wp-content\/uploads\/2024\/05\/HABIKAP_Cuadro1_004-scaled.jpg\" data-fancybox=\"wpcp_view\">\n\t\t<figure>\n\t\t\t<img loading=\"lazy\" decoding=\"async\" class=\"skip-lazy\" src=\"https:\/\/fvaestudio.com\/wp-content\/uploads\/2024\/05\/HABIKAP_Cuadro1_004-scaled.jpg\" alt=\"HABIKAP_Cuadro1_004\" width=\"2560\" height=\"2560\">\t\t<\/figure>\n\t<\/a>\n\t\t<\/div>\n<\/div>\n\t<div class=\"swiper-slide\">\n\t<div class=\"wpcp-single-item\">\n\t\t\t<a class=\"wcp-light-box\" data-buttons='[\"close\"]' data-wpc_url='https:\/\/fvaestudio.com\/wp-content\/uploads\/2024\/05\/HABIKAP_Cuadro1_005-scaled.jpg' href=\"https:\/\/fvaestudio.com\/wp-content\/uploads\/2024\/05\/HABIKAP_Cuadro1_005-scaled.jpg\" data-fancybox=\"wpcp_view\">\n\t\t<figure>\n\t\t\t<img loading=\"lazy\" decoding=\"async\" class=\"skip-lazy\" src=\"https:\/\/fvaestudio.com\/wp-content\/uploads\/2024\/05\/HABIKAP_Cuadro1_005-scaled.jpg\" alt=\"HABIKAP_Cuadro1_005\" width=\"2560\" height=\"2560\">\t\t<\/figure>\n\t<\/a>\n\t\t<\/div>\n<\/div>\n\t<div class=\"swiper-slide\">\n\t<div class=\"wpcp-single-item\">\n\t\t\t<a class=\"wcp-light-box\" data-buttons='[\"close\"]' data-wpc_url='https:\/\/fvaestudio.com\/wp-content\/uploads\/2024\/05\/HABIKAP_Cuadro1_006-scaled.jpg' href=\"https:\/\/fvaestudio.com\/wp-content\/uploads\/2024\/05\/HABIKAP_Cuadro1_006-scaled.jpg\" data-fancybox=\"wpcp_view\">\n\t\t<figure>\n\t\t\t<img loading=\"lazy\" decoding=\"async\" class=\"skip-lazy\" src=\"https:\/\/fvaestudio.com\/wp-content\/uploads\/2024\/05\/HABIKAP_Cuadro1_006-scaled.jpg\" alt=\"HABIKAP_Cuadro1_006\" width=\"2560\" height=\"2560\">\t\t<\/figure>\n\t<\/a>\n\t\t<\/div>\n<\/div>\n\t<div class=\"swiper-slide\">\n\t<div class=\"wpcp-single-item\">\n\t\t\t<a class=\"wcp-light-box\" data-buttons='[\"close\"]' data-wpc_url='https:\/\/fvaestudio.com\/wp-content\/uploads\/2024\/05\/HABIKAP_Cuadro1_007-scaled.jpg' href=\"https:\/\/fvaestudio.com\/wp-content\/uploads\/2024\/05\/HABIKAP_Cuadro1_007-scaled.jpg\" data-fancybox=\"wpcp_view\">\n\t\t<figure>\n\t\t\t<img loading=\"lazy\" decoding=\"async\" class=\"skip-lazy\" src=\"https:\/\/fvaestudio.com\/wp-content\/uploads\/2024\/05\/HABIKAP_Cuadro1_007-scaled.jpg\" alt=\"HABIKAP_Cuadro1_007\" width=\"2560\" height=\"2560\">\t\t<\/figure>\n\t<\/a>\n\t\t<\/div>\n<\/div>\n\t<div class=\"swiper-slide\">\n\t<div class=\"wpcp-single-item\">\n\t\t\t<a class=\"wcp-light-box\" data-buttons='[\"close\"]' data-wpc_url='https:\/\/fvaestudio.com\/wp-content\/uploads\/2024\/05\/HABIKAP_Cuadro1_008-scaled.jpg' href=\"https:\/\/fvaestudio.com\/wp-content\/uploads\/2024\/05\/HABIKAP_Cuadro1_008-scaled.jpg\" data-fancybox=\"wpcp_view\">\n\t\t<figure>\n\t\t\t<img loading=\"lazy\" decoding=\"async\" class=\"skip-lazy\" src=\"https:\/\/fvaestudio.com\/wp-content\/uploads\/2024\/05\/HABIKAP_Cuadro1_008-scaled.jpg\" alt=\"HABIKAP_Cuadro1_008\" width=\"2560\" height=\"2560\">\t\t<\/figure>\n\t<\/a>\n\t\t<\/div>\n<\/div>\n\t<div class=\"swiper-slide\">\n\t<div class=\"wpcp-single-item\">\n\t\t\t<a class=\"wcp-light-box\" data-buttons='[\"close\"]' data-wpc_url='https:\/\/fvaestudio.com\/wp-content\/uploads\/2024\/05\/HABIKAP_Cuadro1_009-scaled.jpg' href=\"https:\/\/fvaestudio.com\/wp-content\/uploads\/2024\/05\/HABIKAP_Cuadro1_009-scaled.jpg\" data-fancybox=\"wpcp_view\">\n\t\t<figure>\n\t\t\t<img loading=\"lazy\" decoding=\"async\" class=\"skip-lazy\" src=\"https:\/\/fvaestudio.com\/wp-content\/uploads\/2024\/05\/HABIKAP_Cuadro1_009-scaled.jpg\" alt=\"HABIKAP_Cuadro1_009\" width=\"2560\" height=\"2560\">\t\t<\/figure>\n\t<\/a>\n\t\t<\/div>\n<\/div>\n\t<div class=\"swiper-slide\">\n\t<div class=\"wpcp-single-item\">\n\t\t\t<a class=\"wcp-light-box\" data-buttons='[\"close\"]' data-wpc_url='https:\/\/fvaestudio.com\/wp-content\/uploads\/2024\/05\/HABIKAP_Cuadro1_0011-scaled.jpg' href=\"https:\/\/fvaestudio.com\/wp-content\/uploads\/2024\/05\/HABIKAP_Cuadro1_0011-scaled.jpg\" data-fancybox=\"wpcp_view\">\n\t\t<figure>\n\t\t\t<img loading=\"lazy\" decoding=\"async\" class=\"skip-lazy\" src=\"https:\/\/fvaestudio.com\/wp-content\/uploads\/2024\/05\/HABIKAP_Cuadro1_0011-scaled.jpg\" alt=\"HABIKAP_Cuadro1_0011\" width=\"2560\" height=\"2560\">\t\t<\/figure>\n\t<\/a>\n\t\t<\/div>\n<\/div>\n\t<div class=\"swiper-slide\">\n\t<div class=\"wpcp-single-item\">\n\t\t\t<a class=\"wcp-light-box\" data-buttons='[\"close\"]' data-wpc_url='https:\/\/fvaestudio.com\/wp-content\/uploads\/2024\/05\/HABIKAP_Cuadro1_0012-scaled.jpg' href=\"https:\/\/fvaestudio.com\/wp-content\/uploads\/2024\/05\/HABIKAP_Cuadro1_0012-scaled.jpg\" data-fancybox=\"wpcp_view\">\n\t\t<figure>\n\t\t\t<img loading=\"lazy\" decoding=\"async\" class=\"skip-lazy\" src=\"https:\/\/fvaestudio.com\/wp-content\/uploads\/2024\/05\/HABIKAP_Cuadro1_0012-scaled.jpg\" alt=\"HABIKAP_Cuadro1_0012\" width=\"2560\" height=\"2560\">\t\t<\/figure>\n\t<\/a>\n\t\t<\/div>\n<\/div>\n\t<div class=\"swiper-slide\">\n\t<div class=\"wpcp-single-item\">\n\t\t\t<a class=\"wcp-light-box\" data-buttons='[\"close\"]' data-wpc_url='https:\/\/fvaestudio.com\/wp-content\/uploads\/2024\/05\/HABIKAP_Cuadro1_0013\u00b4\u00b4-scaled.jpg' href=\"https:\/\/fvaestudio.com\/wp-content\/uploads\/2024\/05\/HABIKAP_Cuadro1_0013\u00b4\u00b4-scaled.jpg\" data-fancybox=\"wpcp_view\">\n\t\t<figure>\n\t\t\t<img loading=\"lazy\" decoding=\"async\" class=\"skip-lazy\" src=\"https:\/\/fvaestudio.com\/wp-content\/uploads\/2024\/05\/HABIKAP_Cuadro1_0013\u00b4\u00b4-scaled.jpg\" alt=\"HABIKAP_Cuadro1_0013\u00b4\u00b4\" width=\"2560\" height=\"2560\">\t\t<\/figure>\n\t<\/a>\n\t\t<\/div>\n<\/div>\n\t<div class=\"swiper-slide\">\n\t<div class=\"wpcp-single-item\">\n\t\t\t<a class=\"wcp-light-box\" data-buttons='[\"close\"]' data-wpc_url='https:\/\/fvaestudio.com\/wp-content\/uploads\/2024\/05\/HABIKAP_Cuadro1_0014\u00b4\u00b4-scaled.jpg' href=\"https:\/\/fvaestudio.com\/wp-content\/uploads\/2024\/05\/HABIKAP_Cuadro1_0014\u00b4\u00b4-scaled.jpg\" data-fancybox=\"wpcp_view\">\n\t\t<figure>\n\t\t\t<img loading=\"lazy\" decoding=\"async\" class=\"skip-lazy\" src=\"https:\/\/fvaestudio.com\/wp-content\/uploads\/2024\/05\/HABIKAP_Cuadro1_0014\u00b4\u00b4-scaled.jpg\" alt=\"HABIKAP_Cuadro1_0014\u00b4\u00b4\" width=\"2560\" height=\"2560\">\t\t<\/figure>\n\t<\/a>\n\t\t<\/div>\n<\/div>\n\t<div class=\"swiper-slide\">\n\t<div class=\"wpcp-single-item\">\n\t\t\t<a class=\"wcp-light-box\" data-buttons='[\"close\"]' data-wpc_url='https:\/\/fvaestudio.com\/wp-content\/uploads\/2024\/05\/HABIKAP_Cuadro1_0016-scaled.jpg' href=\"https:\/\/fvaestudio.com\/wp-content\/uploads\/2024\/05\/HABIKAP_Cuadro1_0016-scaled.jpg\" data-fancybox=\"wpcp_view\">\n\t\t<figure>\n\t\t\t<img loading=\"lazy\" decoding=\"async\" class=\"skip-lazy\" src=\"https:\/\/fvaestudio.com\/wp-content\/uploads\/2024\/05\/HABIKAP_Cuadro1_0016-scaled.jpg\" alt=\"HABIKAP_Cuadro1_0016\" width=\"2560\" height=\"2560\">\t\t<\/figure>\n\t<\/a>\n\t\t<\/div>\n<\/div>\n\t<div class=\"swiper-slide\">\n\t<div class=\"wpcp-single-item\">\n\t\t\t<a class=\"wcp-light-box\" data-buttons='[\"close\"]' data-wpc_url='https:\/\/fvaestudio.com\/wp-content\/uploads\/2024\/05\/HABIKAP_Cuadro1_0017-scaled.jpg' href=\"https:\/\/fvaestudio.com\/wp-content\/uploads\/2024\/05\/HABIKAP_Cuadro1_0017-scaled.jpg\" data-fancybox=\"wpcp_view\">\n\t\t<figure>\n\t\t\t<img loading=\"lazy\" decoding=\"async\" class=\"skip-lazy\" src=\"https:\/\/fvaestudio.com\/wp-content\/uploads\/2024\/05\/HABIKAP_Cuadro1_0017-scaled.jpg\" alt=\"HABIKAP_Cuadro1_0017\" width=\"2560\" height=\"2560\">\t\t<\/figure>\n\t<\/a>\n\t\t<\/div>\n<\/div>\n\t<div class=\"swiper-slide\">\n\t<div class=\"wpcp-single-item\">\n\t\t\t<a class=\"wcp-light-box\" data-buttons='[\"close\"]' data-wpc_url='https:\/\/fvaestudio.com\/wp-content\/uploads\/2024\/05\/HABIKAP_Cuadro1_0018-scaled.jpg' href=\"https:\/\/fvaestudio.com\/wp-content\/uploads\/2024\/05\/HABIKAP_Cuadro1_0018-scaled.jpg\" data-fancybox=\"wpcp_view\">\n\t\t<figure>\n\t\t\t<img loading=\"lazy\" decoding=\"async\" class=\"skip-lazy\" src=\"https:\/\/fvaestudio.com\/wp-content\/uploads\/2024\/05\/HABIKAP_Cuadro1_0018-scaled.jpg\" alt=\"HABIKAP_Cuadro1_0018\" width=\"2560\" height=\"2560\">\t\t<\/figure>\n\t<\/a>\n\t\t<\/div>\n<\/div>\n\t<div class=\"swiper-slide\">\n\t<div class=\"wpcp-single-item\">\n\t\t\t<a class=\"wcp-light-box\" data-buttons='[\"close\"]' data-wpc_url='https:\/\/fvaestudio.com\/wp-content\/uploads\/2024\/05\/HABIKAP_Cuadro1_0019\u00b4\u00b4-scaled.jpg' href=\"https:\/\/fvaestudio.com\/wp-content\/uploads\/2024\/05\/HABIKAP_Cuadro1_0019\u00b4\u00b4-scaled.jpg\" data-fancybox=\"wpcp_view\">\n\t\t<figure>\n\t\t\t<img loading=\"lazy\" decoding=\"async\" class=\"skip-lazy\" src=\"https:\/\/fvaestudio.com\/wp-content\/uploads\/2024\/05\/HABIKAP_Cuadro1_0019\u00b4\u00b4-scaled.jpg\" alt=\"HABIKAP_Cuadro1_0019\u00b4\u00b4\" width=\"2560\" height=\"2560\">\t\t<\/figure>\n\t<\/a>\n\t\t<\/div>\n<\/div>\n\t<div class=\"swiper-slide\">\n\t<div class=\"wpcp-single-item\">\n\t\t\t<a class=\"wcp-light-box\" data-buttons='[\"close\"]' data-wpc_url='https:\/\/fvaestudio.com\/wp-content\/uploads\/2024\/05\/HABIKAP_Cuadro1_0020\u00b4\u00b4-scaled.jpg' href=\"https:\/\/fvaestudio.com\/wp-content\/uploads\/2024\/05\/HABIKAP_Cuadro1_0020\u00b4\u00b4-scaled.jpg\" data-fancybox=\"wpcp_view\">\n\t\t<figure>\n\t\t\t<img loading=\"lazy\" decoding=\"async\" class=\"skip-lazy\" src=\"https:\/\/fvaestudio.com\/wp-content\/uploads\/2024\/05\/HABIKAP_Cuadro1_0020\u00b4\u00b4-scaled.jpg\" alt=\"HABIKAP_Cuadro1_0020\u00b4\u00b4\" width=\"2560\" height=\"2560\">\t\t<\/figure>\n\t<\/a>\n\t\t<\/div>\n<\/div>\n\t<div class=\"swiper-slide\">\n\t<div class=\"wpcp-single-item\">\n\t\t\t<a class=\"wcp-light-box\" data-buttons='[\"close\"]' data-wpc_url='https:\/\/fvaestudio.com\/wp-content\/uploads\/2024\/05\/HABIKAP_Cuadro1_0021\u00b4\u00b4-scaled.jpg' href=\"https:\/\/fvaestudio.com\/wp-content\/uploads\/2024\/05\/HABIKAP_Cuadro1_0021\u00b4\u00b4-scaled.jpg\" data-fancybox=\"wpcp_view\">\n\t\t<figure>\n\t\t\t<img loading=\"lazy\" decoding=\"async\" class=\"skip-lazy\" src=\"https:\/\/fvaestudio.com\/wp-content\/uploads\/2024\/05\/HABIKAP_Cuadro1_0021\u00b4\u00b4-scaled.jpg\" alt=\"HABIKAP_Cuadro1_0021\u00b4\u00b4\" width=\"2560\" height=\"2560\">\t\t<\/figure>\n\t<\/a>\n\t\t<\/div>\n<\/div>\n\t<div class=\"swiper-slide\">\n\t<div class=\"wpcp-single-item\">\n\t\t\t<a class=\"wcp-light-box\" data-buttons='[\"close\"]' data-wpc_url='https:\/\/fvaestudio.com\/wp-content\/uploads\/2024\/05\/HABIKAP_Cuadro1_0022-scaled.jpg' href=\"https:\/\/fvaestudio.com\/wp-content\/uploads\/2024\/05\/HABIKAP_Cuadro1_0022-scaled.jpg\" data-fancybox=\"wpcp_view\">\n\t\t<figure>\n\t\t\t<img loading=\"lazy\" decoding=\"async\" class=\"skip-lazy\" src=\"https:\/\/fvaestudio.com\/wp-content\/uploads\/2024\/05\/HABIKAP_Cuadro1_0022-scaled.jpg\" alt=\"HABIKAP_Cuadro1_0022\" width=\"2560\" height=\"2560\">\t\t<\/figure>\n\t<\/a>\n\t\t<\/div>\n<\/div>\n\t<div class=\"swiper-slide\">\n\t<div class=\"wpcp-single-item\">\n\t\t\t<a class=\"wcp-light-box\" data-buttons='[\"close\"]' data-wpc_url='https:\/\/fvaestudio.com\/wp-content\/uploads\/2024\/05\/HABIKAP_Cuadro1_0023-scaled.jpg' href=\"https:\/\/fvaestudio.com\/wp-content\/uploads\/2024\/05\/HABIKAP_Cuadro1_0023-scaled.jpg\" data-fancybox=\"wpcp_view\">\n\t\t<figure>\n\t\t\t<img loading=\"lazy\" decoding=\"async\" class=\"skip-lazy\" src=\"https:\/\/fvaestudio.com\/wp-content\/uploads\/2024\/05\/HABIKAP_Cuadro1_0023-scaled.jpg\" alt=\"HABIKAP_Cuadro1_0023\" width=\"2560\" height=\"2560\">\t\t<\/figure>\n\t<\/a>\n\t\t<\/div>\n<\/div>\n\t<div class=\"swiper-slide\">\n\t<div class=\"wpcp-single-item\">\n\t\t\t<a class=\"wcp-light-box\" data-buttons='[\"close\"]' data-wpc_url='https:\/\/fvaestudio.com\/wp-content\/uploads\/2024\/05\/HABIKAP_Cuadro1_0026\u00b4\u00b4-scaled.jpg' href=\"https:\/\/fvaestudio.com\/wp-content\/uploads\/2024\/05\/HABIKAP_Cuadro1_0026\u00b4\u00b4-scaled.jpg\" data-fancybox=\"wpcp_view\">\n\t\t<figure>\n\t\t\t<img loading=\"lazy\" decoding=\"async\" class=\"skip-lazy\" src=\"https:\/\/fvaestudio.com\/wp-content\/uploads\/2024\/05\/HABIKAP_Cuadro1_0026\u00b4\u00b4-scaled.jpg\" alt=\"HABIKAP_Cuadro1_0026\u00b4\u00b4\" width=\"2560\" height=\"2560\">\t\t<\/figure>\n\t<\/a>\n\t\t<\/div>\n<\/div>\n\t<div class=\"swiper-slide\">\n\t<div class=\"wpcp-single-item\">\n\t\t\t<a class=\"wcp-light-box\" data-buttons='[\"close\"]' data-wpc_url='https:\/\/fvaestudio.com\/wp-content\/uploads\/2024\/05\/HABIKAP_Cuadro1_0027\u00b4\u00b4-scaled.jpg' href=\"https:\/\/fvaestudio.com\/wp-content\/uploads\/2024\/05\/HABIKAP_Cuadro1_0027\u00b4\u00b4-scaled.jpg\" data-fancybox=\"wpcp_view\">\n\t\t<figure>\n\t\t\t<img loading=\"lazy\" decoding=\"async\" class=\"skip-lazy\" src=\"https:\/\/fvaestudio.com\/wp-content\/uploads\/2024\/05\/HABIKAP_Cuadro1_0027\u00b4\u00b4-scaled.jpg\" alt=\"HABIKAP_Cuadro1_0027\u00b4\u00b4\" width=\"2560\" height=\"2560\">\t\t<\/figure>\n\t<\/a>\n\t\t<\/div>\n<\/div>\n\t\t\t<\/div>\n\t\t\t\t\t<div class=\"wpcp-swiper-dots swiper-pagination\"><\/div>\n\t\t\t\t<!-- If we need navigation buttons -->\n\t\t\t<\/div>\n\t<\/div>\n<\/div>\n\n\n\n\n<p>MENCION HONORIFICA Concurso Nacional de Arquitectura Modular, Eficiente y sostenible @<a href=\"http:\/\/habika.ar\/?fbclid=IwZXh0bgNhZW0CMTAAAR12RWteljcOXIhLxs6eYelhEZt5EmSNGIepsQkVSXWHO1zO8lkoOf8mS-g_aem_AT_xBtWyStbR95wSwRsxIfzS3CZXLk8wLMLcKBcSSrGbPIr-npbsvexTtYnvl8CYt6eFA6YrwioQaSWViyZRL23B\" rel=\"noreferrer noopener\" target=\"_blank\">habika.ar<\/a><br><br>Nuestra estrategia fue tomar el Modulo base dado por la empresa y las tipolog\u00edas existentes en su web, pulirlas y sistematizarlas. Todas las combinaciones son mediante modulos de 3&#215;3 y 2&#215;3 y en ning\u00fan caso supera los 12mts de largo para facilitar su transporte.La sistematizaci\u00f3n se da mediante una app (aplicaci\u00f3n m\u00f3vil avanzada), que facilita la personalizaci\u00f3n de espacios residenciales, comerciales y culturales. Esta herramienta permite a los usuarios seleccionar y previsualizar configuraciones de espacio, estilos arquitect\u00f3nicos, variantes de terminaciones e instalaciones segun cada clima y regi\u00f3n, y terminaciones deseadas.Proponemos ademas, incluir al sistema nuevos espacios como galer\u00edas abiertas, espacios exteriores, auditorios modulares y \u00e1reas culturales o comerciales flexibles, que se transforman en respuesta a las demandas especificas de cada caso.<br><br>Equipo de trabajo FVA en Sociedad con: Arq. Cande Parra <a href=\"https:\/\/www.facebook.com\/m.candela.parra?__cft__[0]=AZW5IEJvfvQR9SOQK16AZSEg-Or5s6DHursB6B-vqgpTung-QHaeOGZ2hERIHzi2NeFgJUxwBoDP1du2QCeDQt_e2bTEIo7ktZVd3vuG4-AinIY9P-H54WUFQ6QGbNmd_BkRJpynfzMfEdsV5bn0v1Duv4Zlmi5pU3zPcC8DMbhsAg&amp;__tn__=-]K-R\">Cande Parra<\/a> + Arq. Barbeito Emiliano <a href=\"https:\/\/www.facebook.com\/emi.barbeito.7?__cft__[0]=AZW5IEJvfvQR9SOQK16AZSEg-Or5s6DHursB6B-vqgpTung-QHaeOGZ2hERIHzi2NeFgJUxwBoDP1du2QCeDQt_e2bTEIo7ktZVd3vuG4-AinIY9P-H54WUFQ6QGbNmd_BkRJpynfzMfEdsV5bn0v1Duv4Zlmi5pU3zPcC8DMbhsAg&amp;__tn__=-]K-R\">Emi Barbeito<\/a> <br>Colaboracion: Euge Andrade Olivi Euge Andrade<br>A\u00f1o: 2024<\/p>\n","protected":false},"excerpt":{"rendered":"<p>MENCION HONORIFICA Concurso Nacional de Arquitectura Modular, Eficiente y sostenible @habika.ar Nuestra estrategia fue tomar el Modulo base dado por la empresa y las tipolog\u00edas existentes en su web, pulirlas y sistematizarlas. Todas las combinaciones son mediante modulos de 3&#215;3 y 2&#215;3 y en ning\u00fan caso supera los 12mts de largo para facilitar su transporte.La [&hellip;]<\/p>\n","protected":false},"author":1,"featured_media":0,"parent":0,"menu_order":0,"comment_status":"closed","ping_status":"closed","template":"","meta":{"footnotes":""},"class_list":["post-795","page","type-page","status-publish","hentry"],"_links":{"self":[{"href":"https:\/\/fvaestudio.com\/index.php?rest_route=\/wp\/v2\/pages\/795","targetHints":{"allow":["GET"]}}],"collection":[{"href":"https:\/\/fvaestudio.com\/index.php?rest_route=\/wp\/v2\/pages"}],"about":[{"href":"https:\/\/fvaestudio.com\/index.php?rest_route=\/wp\/v2\/types\/page"}],"author":[{"embeddable":true,"href":"https:\/\/fvaestudio.com\/index.php?rest_route=\/wp\/v2\/users\/1"}],"replies":[{"embeddable":true,"href":"https:\/\/fvaestudio.com\/index.php?rest_route=%2Fwp%2Fv2%2Fcomments&post=795"}],"version-history":[{"count":1,"href":"https:\/\/fvaestudio.com\/index.php?rest_route=\/wp\/v2\/pages\/795\/revisions"}],"predecessor-version":[{"id":796,"href":"https:\/\/fvaestudio.com\/index.php?rest_route=\/wp\/v2\/pages\/795\/revisions\/796"}],"wp:attachment":[{"href":"https:\/\/fvaestudio.com\/index.php?rest_route=%2Fwp%2Fv2%2Fmedia&parent=795"}],"curies":[{"name":"wp","href":"https:\/\/api.w.org\/{rel}","templated":true}]}}